{"id":991035,"date":"2023-12-16T12:04:14","date_gmt":"2023-12-16T09:04:14","guid":{"rendered":"https:\/\/meltemaybar.com\/cart\/"},"modified":"2025-04-16T01:30:02","modified_gmt":"2025-04-15T22:30:02","slug":"cart","status":"publish","type":"page","link":"https:\/\/meltemaybar.com\/en\/cart\/","title":{"rendered":"Cart"},"content":{"rendered":"\t\t<div data-elementor-type=\"wp-page\" data-elementor-id=\"991035\" class=\"elementor elementor-991035 elementor-6\" data-elementor-post-type=\"page\">\n\t\t\t\t\t\t<section class=\"elementor-section elementor-top-section elementor-element elementor-element-5adb5c3 elementor-section-boxed elementor-section-height-default elementor-section-height-default\" data-id=\"5adb5c3\" data-element_type=\"section\" data-e-type=\"section\">\n\t\t\t\t\t\t<div class=\"elementor-container elementor-column-gap-default\">\n\t\t\t\t\t<div class=\"elementor-column elementor-col-100 elementor-top-column elementor-element elementor-element-2f335a5\" data-id=\"2f335a5\" data-element_type=\"column\" data-e-type=\"column\">\n\t\t\t<div class=\"elementor-widget-wrap elementor-element-populated\">\n\t\t\t\t\t\t\t<\/div>\n\t\t<\/div>\n\t\t\t\t\t<\/div>\n\t\t<\/section>\n\t\t\t\t<\/div>\n\t\t","protected":false},"excerpt":{"rendered":"<p>\u00dcr\u00fcn\u00fc \u00e7\u0131kar K\u00fc\u00e7\u00fck resim \u00dcr\u00fcn Fiyat Miktar Ara Toplam &times; AL\u0130CE &#8211; 34 &#8378;20.000,00 AL\u0130CE &#8211; 34 adet &#8378;20.000,00 &times; AL\u0130CE &#8211; 36 &#8378;20.000,00 AL\u0130CE &#8211; 36 adet &#8378;20.000,00 &times; Kristina &#8211; 34 &#8378;22.000,00 Kristina &#8211; 34 adet &#8378;22.000,00 Kuponu Uygula Kart Toplam\u0131 Ara Toplam &#8378;62.000,00 G\u00f6nderim Free shipping G\u00f6nderim hedefi: \u0130zmir. Adresi de\u011fi\u015ftirin \u00dclke\/b\u00f6lge [&hellip;]<\/p>\n","protected":false},"author":1,"featured_media":0,"parent":0,"menu_order":0,"comment_status":"closed","ping_status":"closed","template":"","meta":{"footnotes":""},"class_list":["post-991035","page","type-page","status-publish","hentry"],"jetpack_sharing_enabled":true,"_links":{"self":[{"href":"https:\/\/meltemaybar.com\/en\/wp-json\/wp\/v2\/pages\/991035","targetHints":{"allow":["GET"]}}],"collection":[{"href":"https:\/\/meltemaybar.com\/en\/wp-json\/wp\/v2\/pages"}],"about":[{"href":"https:\/\/meltemaybar.com\/en\/wp-json\/wp\/v2\/types\/page"}],"author":[{"embeddable":true,"href":"https:\/\/meltemaybar.com\/en\/wp-json\/wp\/v2\/users\/1"}],"replies":[{"embeddable":true,"href":"https:\/\/meltemaybar.com\/en\/wp-json\/wp\/v2\/comments?post=991035"}],"version-history":[{"count":0,"href":"https:\/\/meltemaybar.com\/en\/wp-json\/wp\/v2\/pages\/991035\/revisions"}],"wp:attachment":[{"href":"https:\/\/meltemaybar.com\/en\/wp-json\/wp\/v2\/media?parent=991035"}],"curies":[{"name":"wp","href":"https:\/\/api.w.org\/{rel}","templated":true}]}}