{"id":988461,"date":"2024-05-13T22:40:12","date_gmt":"2024-05-13T19:40:12","guid":{"rendered":"https:\/\/meltemaybar.com\/?post_type=product&#038;p=988461"},"modified":"2024-05-14T18:09:26","modified_gmt":"2024-05-14T15:09:26","slug":"alice","status":"publish","type":"product","link":"https:\/\/meltemaybar.com\/en\/urun\/alice\/","title":{"rendered":"AL\u0130CE"},"content":{"rendered":"<p>Armani saten kuma\u015f\u0131 ve straplez gepiyer kal\u0131b\u0131 ile dikkat \u00e7eken Alice,<strong> stil sahibi kad\u0131nlar\u0131n be\u011fenisine sunuluyor. <\/strong>Kendine \u00f6zg\u00fc \u00f6n kupta yer alan hareketli beldeki etek detay\u0131 ile \u00e7arp\u0131c\u0131 bir duru\u015f yans\u0131tan bu mini boy tasar\u0131m gece elbisesi iddial\u0131 bir stil sunuyor. \u00d6zel davet, balo ve d\u00fc\u011f\u00fcn stiliniz i\u00e7in ideal se\u00e7im olan bu elbise, ayakkab\u0131lar ve \u00e7antalar ile \u015f\u0131k bir g\u00f6r\u00fcn\u00fcm kazanman\u0131 sa\u011fl\u0131yor.<\/p>\n","protected":false},"excerpt":{"rendered":"<p>RENK: Lila<\/p>\n<p>\u00dcR\u00dcN GRUBU: Gece Elbisesi<\/p>\n<p>MATERYAL: Pamuk\/ Polyester<\/p>\n<p>YAKA T\u0130P\u0130: Straplez<\/p>\n<p>MODEL \u00d6L\u00c7\u00dcS\u00dc: 34\/36<\/p>\n<p>Made in Turkey<\/p>\n<p>%100 Haute Couture<\/p>\n","protected":false},"featured_media":988474,"comment_status":"closed","ping_status":"closed","template":"","meta":[],"product_brand":[],"product_cat":[205,207,206],"product_tag":[],"class_list":{"0":"post-988461","1":"product","2":"type-product","3":"status-publish","4":"has-post-thumbnail","6":"product_cat-beirut","7":"product_cat-gece-elbisesi","8":"product_cat-kadin","10":"first","11":"instock","12":"sale","13":"shipping-taxable","14":"purchasable","15":"product-type-variable"},"jetpack_sharing_enabled":true,"_links":{"self":[{"href":"https:\/\/meltemaybar.com\/en\/wp-json\/wp\/v2\/product\/988461","targetHints":{"allow":["GET"]}}],"collection":[{"href":"https:\/\/meltemaybar.com\/en\/wp-json\/wp\/v2\/product"}],"about":[{"href":"https:\/\/meltemaybar.com\/en\/wp-json\/wp\/v2\/types\/product"}],"replies":[{"embeddable":true,"href":"https:\/\/meltemaybar.com\/en\/wp-json\/wp\/v2\/comments?post=988461"}],"wp:featuredmedia":[{"embeddable":true,"href":"https:\/\/meltemaybar.com\/en\/wp-json\/wp\/v2\/media\/988474"}],"wp:attachment":[{"href":"https:\/\/meltemaybar.com\/en\/wp-json\/wp\/v2\/media?parent=988461"}],"wp:term":[{"taxonomy":"product_brand","embeddable":true,"href":"https:\/\/meltemaybar.com\/en\/wp-json\/wp\/v2\/product_brand?post=988461"},{"taxonomy":"product_cat","embeddable":true,"href":"https:\/\/meltemaybar.com\/en\/wp-json\/wp\/v2\/product_cat?post=988461"},{"taxonomy":"product_tag","embeddable":true,"href":"https:\/\/meltemaybar.com\/en\/wp-json\/wp\/v2\/product_tag?post=988461"}],"curies":[{"name":"wp","href":"https:\/\/api.w.org\/{rel}","templated":true}]}}