{"id":988529,"date":"2024-05-14T02:31:22","date_gmt":"2024-05-13T23:31:22","guid":{"rendered":"https:\/\/meltemaybar.com\/?post_type=product&#038;p=988529"},"modified":"2024-05-14T02:31:50","modified_gmt":"2024-05-13T23:31:50","slug":"flower","status":"publish","type":"product","link":"https:\/\/meltemaybar.com\/en\/urun\/flower\/","title":{"rendered":"FLOWER"},"content":{"rendered":"<p>El yap\u0131m\u0131 \u00e7i\u00e7eklerle s\u00fcslenmi\u015f t\u00fcl, derin y\u0131rtma\u00e7 detay\u0131 ve y\u0131rtma\u00e7 \u00fcst\u00fcnden d\u00fc\u015fen farba detay\u0131 ile dikkat \u00e7eken FLOWER, <strong>stil sahibi kad\u0131nlar\u0131n be\u011fenisine sunuluyor. <\/strong>\u00d6zel davet, balo ve d\u00fc\u011f\u00fcn stiliniz i\u00e7in ideal se\u00e7im olan bu elbise, ayakkab\u0131lar ve \u00e7antalar ile \u015f\u0131k bir g\u00f6r\u00fcn\u00fcm kazanman\u0131 sa\u011fl\u0131yor.<\/p>\n","protected":false},"excerpt":{"rendered":"<p>RENK: Leylak<\/p>\n<p>\u00dcR\u00dcN GRUBU: Gece Elbisesi<\/p>\n<p>MATERYAL: Pamuk\/ Polyester<\/p>\n<p>YAKA T\u0130P\u0130: Derin V dekolteli ask\u0131l\u0131 kal\u0131p<\/p>\n<p>MODEL \u00d6L\u00c7\u00dcS\u00dc:34\/36<\/p>\n<p class=\"selectable-text copyable-text x15bjb6t x1n2onr6\" dir=\"ltr\"><span class=\"selectable-text copyable-text\">Made in Turkey <\/span><\/p>\n<p class=\"selectable-text copyable-text x15bjb6t x1n2onr6\" dir=\"ltr\"><span class=\"selectable-text copyable-text\">%100 HAUTE COUTURE<\/span><\/p>\n","protected":false},"featured_media":988542,"comment_status":"closed","ping_status":"closed","template":"","meta":[],"product_brand":[],"product_cat":[205,207,206],"product_tag":[],"class_list":{"0":"post-988529","1":"product","2":"type-product","3":"status-publish","4":"has-post-thumbnail","6":"product_cat-beirut","7":"product_cat-gece-elbisesi","8":"product_cat-kadin","10":"first","11":"instock","12":"sale","13":"shipping-taxable","14":"purchasable","15":"product-type-variable"},"jetpack_sharing_enabled":true,"_links":{"self":[{"href":"https:\/\/meltemaybar.com\/en\/wp-json\/wp\/v2\/product\/988529","targetHints":{"allow":["GET"]}}],"collection":[{"href":"https:\/\/meltemaybar.com\/en\/wp-json\/wp\/v2\/product"}],"about":[{"href":"https:\/\/meltemaybar.com\/en\/wp-json\/wp\/v2\/types\/product"}],"replies":[{"embeddable":true,"href":"https:\/\/meltemaybar.com\/en\/wp-json\/wp\/v2\/comments?post=988529"}],"wp:featuredmedia":[{"embeddable":true,"href":"https:\/\/meltemaybar.com\/en\/wp-json\/wp\/v2\/media\/988542"}],"wp:attachment":[{"href":"https:\/\/meltemaybar.com\/en\/wp-json\/wp\/v2\/media?parent=988529"}],"wp:term":[{"taxonomy":"product_brand","embeddable":true,"href":"https:\/\/meltemaybar.com\/en\/wp-json\/wp\/v2\/product_brand?post=988529"},{"taxonomy":"product_cat","embeddable":true,"href":"https:\/\/meltemaybar.com\/en\/wp-json\/wp\/v2\/product_cat?post=988529"},{"taxonomy":"product_tag","embeddable":true,"href":"https:\/\/meltemaybar.com\/en\/wp-json\/wp\/v2\/product_tag?post=988529"}],"curies":[{"name":"wp","href":"https:\/\/api.w.org\/{rel}","templated":true}]}}