{"id":988792,"date":"2024-05-14T13:25:40","date_gmt":"2024-05-14T10:25:40","guid":{"rendered":"https:\/\/meltemaybar.com\/?post_type=product&#038;p=988792"},"modified":"2024-05-21T15:13:17","modified_gmt":"2024-05-21T12:13:17","slug":"angel","status":"publish","type":"product","link":"https:\/\/meltemaybar.com\/en\/urun\/angel\/","title":{"rendered":"ANGEL"},"content":{"rendered":"<p>Lila boncuklu dantel kuma\u015f\u0131, \u00f6n derin dekolte ve arka dantel pelerin detay\u0131 ile dikkat \u00e7eken Angel, <strong>stil sahibi kad\u0131nlar\u0131n be\u011fenisine sunuluyor.<\/strong> Kendine \u00f6zg\u00fc boyundan gelen ask\u0131s\u0131 ve derin s\u0131rt dekoltesi ile \u00e7arp\u0131c\u0131 bir duru\u015f yans\u0131tan bu tam boy tasar\u0131m gece elbisesi, pelerin detay\u0131 ile iddial\u0131 bir stil sunuyor. \u00d6zel davet, balo ve d\u00fc\u011f\u00fcn stiliniz i\u00e7in ideal se\u00e7im olan bu elbise, ayakkab\u0131lar ve \u00e7antalar ile \u015f\u0131k bir g\u00f6r\u00fcn\u00fcm kazanman\u0131 sa\u011fl\u0131yor<\/p>\n","protected":false},"excerpt":{"rendered":"<p>RENK: Lila<\/p>\n<p>\u00dcR\u00dcN GRUBU: Gece Elbisesi<\/p>\n<p>MATERYAL: Pamuk\/ Polyester<\/p>\n<p>YAKA T\u0130P\u0130: Boyundan Ba\u011flamal\u0131<\/p>\n<p>MODEL \u00d6L\u00c7\u00dcS\u00dc:34\/36<\/p>\n<p class=\"selectable-text copyable-text x15bjb6t x1n2onr6\" dir=\"ltr\"><span class=\"selectable-text copyable-text\">Made in Turkey <\/span><\/p>\n<p class=\"selectable-text copyable-text x15bjb6t x1n2onr6\" dir=\"ltr\"><span class=\"selectable-text copyable-text\">%100 HAUTE COUTURE<\/span><\/p>\n","protected":false},"featured_media":988801,"comment_status":"closed","ping_status":"closed","template":"","meta":[],"product_brand":[],"product_cat":[205,207,206],"product_tag":[],"class_list":{"0":"post-988792","1":"product","2":"type-product","3":"status-publish","4":"has-post-thumbnail","6":"product_cat-beirut","7":"product_cat-gece-elbisesi","8":"product_cat-kadin","10":"first","11":"instock","12":"shipping-taxable","13":"purchasable","14":"product-type-variable"},"jetpack_sharing_enabled":true,"_links":{"self":[{"href":"https:\/\/meltemaybar.com\/en\/wp-json\/wp\/v2\/product\/988792","targetHints":{"allow":["GET"]}}],"collection":[{"href":"https:\/\/meltemaybar.com\/en\/wp-json\/wp\/v2\/product"}],"about":[{"href":"https:\/\/meltemaybar.com\/en\/wp-json\/wp\/v2\/types\/product"}],"replies":[{"embeddable":true,"href":"https:\/\/meltemaybar.com\/en\/wp-json\/wp\/v2\/comments?post=988792"}],"wp:featuredmedia":[{"embeddable":true,"href":"https:\/\/meltemaybar.com\/en\/wp-json\/wp\/v2\/media\/988801"}],"wp:attachment":[{"href":"https:\/\/meltemaybar.com\/en\/wp-json\/wp\/v2\/media?parent=988792"}],"wp:term":[{"taxonomy":"product_brand","embeddable":true,"href":"https:\/\/meltemaybar.com\/en\/wp-json\/wp\/v2\/product_brand?post=988792"},{"taxonomy":"product_cat","embeddable":true,"href":"https:\/\/meltemaybar.com\/en\/wp-json\/wp\/v2\/product_cat?post=988792"},{"taxonomy":"product_tag","embeddable":true,"href":"https:\/\/meltemaybar.com\/en\/wp-json\/wp\/v2\/product_tag?post=988792"}],"curies":[{"name":"wp","href":"https:\/\/api.w.org\/{rel}","templated":true}]}}