{"id":989049,"date":"2024-05-14T17:50:24","date_gmt":"2024-05-14T14:50:24","guid":{"rendered":"https:\/\/meltemaybar.com\/?post_type=product&#038;p=989049"},"modified":"2025-10-03T17:15:18","modified_gmt":"2025-10-03T14:15:18","slug":"viktoria","status":"publish","type":"product","link":"https:\/\/meltemaybar.com\/en\/urun\/viktoria\/","title":{"rendered":"V\u0130KTOR\u0130A"},"content":{"rendered":"<p>T\u00fcl \u00fczerine boncuk i\u015flemeli, elbisenin yan k\u0131sm\u0131na dikilen kol detay\u0131 ile dikkat \u00e7eken Viktoria, <strong>stil sahibi kad\u0131nlar\u0131n be\u011fenisine sunuluyor.<\/strong> Etekteki yan y\u0131rtmac\u0131 birbirine ba\u011flayan boncuk detaylar\u0131 ile \u00e7arp\u0131c\u0131 bir duru\u015f yans\u0131tan bu tam boy tasar\u0131m gece elbisesi iddial\u0131 bir stil sunuyor. \u00d6zel davet, balo ve d\u00fc\u011f\u00fcn stiliniz i\u00e7in ideal se\u00e7im olan bu elbise, ayakkab\u0131lar ve \u00e7antalar ile \u015f\u0131k bir g\u00f6r\u00fcn\u00fcm kazanman\u0131 sa\u011fl\u0131yor.<\/p>\n<p>&nbsp;<\/p>\n","protected":false},"excerpt":{"rendered":"<p>RENK: Nude<\/p>\n<p>\u00dcR\u00dcN GRUBU: Gece Elbisesi<\/p>\n<p>MATERYAL: Pamuk\/ Polyester<\/p>\n<p>YAKA T\u0130P\u0130: Straplez Yaka<\/p>\n<p>MODEL \u00d6L\u00c7\u00dcS\u00dc:34\/36<\/p>\n<p class=\"selectable-text copyable-text x15bjb6t x1n2onr6\" dir=\"ltr\"><span class=\"selectable-text copyable-text\">Made in Turkey <\/span><\/p>\n<p class=\"selectable-text copyable-text x15bjb6t x1n2onr6\" dir=\"ltr\"><span class=\"selectable-text copyable-text\">%100 HAUTE COUTURE<\/span><\/p>\n","protected":false},"featured_media":989060,"comment_status":"closed","ping_status":"closed","template":"","meta":[],"product_brand":[],"product_cat":[205,207,206,262],"product_tag":[],"class_list":{"0":"post-989049","1":"product","2":"type-product","3":"status-publish","4":"has-post-thumbnail","6":"product_cat-beirut","7":"product_cat-gece-elbisesi","8":"product_cat-kadin","9":"product_cat-sezon-sonu-indirimi","11":"first","12":"instock","13":"sale","14":"shipping-taxable","15":"purchasable","16":"product-type-variable"},"jetpack_sharing_enabled":true,"_links":{"self":[{"href":"https:\/\/meltemaybar.com\/en\/wp-json\/wp\/v2\/product\/989049","targetHints":{"allow":["GET"]}}],"collection":[{"href":"https:\/\/meltemaybar.com\/en\/wp-json\/wp\/v2\/product"}],"about":[{"href":"https:\/\/meltemaybar.com\/en\/wp-json\/wp\/v2\/types\/product"}],"replies":[{"embeddable":true,"href":"https:\/\/meltemaybar.com\/en\/wp-json\/wp\/v2\/comments?post=989049"}],"wp:featuredmedia":[{"embeddable":true,"href":"https:\/\/meltemaybar.com\/en\/wp-json\/wp\/v2\/media\/989060"}],"wp:attachment":[{"href":"https:\/\/meltemaybar.com\/en\/wp-json\/wp\/v2\/media?parent=989049"}],"wp:term":[{"taxonomy":"product_brand","embeddable":true,"href":"https:\/\/meltemaybar.com\/en\/wp-json\/wp\/v2\/product_brand?post=989049"},{"taxonomy":"product_cat","embeddable":true,"href":"https:\/\/meltemaybar.com\/en\/wp-json\/wp\/v2\/product_cat?post=989049"},{"taxonomy":"product_tag","embeddable":true,"href":"https:\/\/meltemaybar.com\/en\/wp-json\/wp\/v2\/product_tag?post=989049"}],"curies":[{"name":"wp","href":"https:\/\/api.w.org\/{rel}","templated":true}]}}