{"id":989135,"date":"2024-05-15T18:00:20","date_gmt":"2024-05-15T15:00:20","guid":{"rendered":"https:\/\/meltemaybar.com\/?post_type=product&#038;p=989135"},"modified":"2024-05-15T18:40:07","modified_gmt":"2024-05-15T15:40:07","slug":"shiny-midi-dress","status":"publish","type":"product","link":"https:\/\/meltemaybar.com\/en\/urun\/shiny-midi-dress\/","title":{"rendered":"SHINY WHITE MIDI DRESS"},"content":{"rendered":"<p>Simli kuma\u015f, b\u00fcstiyer beden ve ta\u015fl\u0131 kemer detay\u0131 ile dikkat \u00e7eken Shiny midi dress, <strong>stil sahibi kad\u0131nlar\u0131n be\u011fenisine sunuluyor.<\/strong> Bele oturan ba\u011fc\u0131kl\u0131 arka detay ile \u00e7arp\u0131c\u0131 bir duru\u015f yans\u0131tan bu midi boy tasar\u0131m gece elbisesi iddial\u0131 bir stil sunuyor. \u00d6zel davet, balo ve d\u00fc\u011f\u00fcn stiliniz i\u00e7in ideal se\u00e7im olan bu elbise, ayakkab\u0131lar ve \u00e7antalar ile \u015f\u0131k bir g\u00f6r\u00fcn\u00fcm kazanman\u0131 sa\u011fl\u0131yor.<\/p>\n","protected":false},"excerpt":{"rendered":"<p>RENK: Beyaz<\/p>\n<p>\u00dcR\u00dcN GRUBU: Gece Elbisesi<\/p>\n<p>MATERYAL: Pamuk\/ Polyester<\/p>\n<p>YAKA T\u0130P\u0130: Straplez Yaka<\/p>\n<p class=\"selectable-text copyable-text x15bjb6t x1n2onr6\" dir=\"ltr\"><span class=\"selectable-text copyable-text\">Made in Turkey <\/span><\/p>\n<p class=\"selectable-text copyable-text x15bjb6t x1n2onr6\" dir=\"ltr\"><span class=\"selectable-text copyable-text\">%100 HAUTE COUTURE<\/span><\/p>\n","protected":false},"featured_media":989139,"comment_status":"closed","ping_status":"closed","template":"","meta":[],"product_brand":[],"product_cat":[210,207,206],"product_tag":[],"class_list":{"0":"post-989135","1":"product","2":"type-product","3":"status-publish","4":"has-post-thumbnail","6":"product_cat-couture","7":"product_cat-gece-elbisesi","8":"product_cat-kadin","10":"first","11":"instock","12":"shipping-taxable","13":"purchasable","14":"product-type-variable"},"jetpack_sharing_enabled":true,"_links":{"self":[{"href":"https:\/\/meltemaybar.com\/en\/wp-json\/wp\/v2\/product\/989135","targetHints":{"allow":["GET"]}}],"collection":[{"href":"https:\/\/meltemaybar.com\/en\/wp-json\/wp\/v2\/product"}],"about":[{"href":"https:\/\/meltemaybar.com\/en\/wp-json\/wp\/v2\/types\/product"}],"replies":[{"embeddable":true,"href":"https:\/\/meltemaybar.com\/en\/wp-json\/wp\/v2\/comments?post=989135"}],"wp:featuredmedia":[{"embeddable":true,"href":"https:\/\/meltemaybar.com\/en\/wp-json\/wp\/v2\/media\/989139"}],"wp:attachment":[{"href":"https:\/\/meltemaybar.com\/en\/wp-json\/wp\/v2\/media?parent=989135"}],"wp:term":[{"taxonomy":"product_brand","embeddable":true,"href":"https:\/\/meltemaybar.com\/en\/wp-json\/wp\/v2\/product_brand?post=989135"},{"taxonomy":"product_cat","embeddable":true,"href":"https:\/\/meltemaybar.com\/en\/wp-json\/wp\/v2\/product_cat?post=989135"},{"taxonomy":"product_tag","embeddable":true,"href":"https:\/\/meltemaybar.com\/en\/wp-json\/wp\/v2\/product_tag?post=989135"}],"curies":[{"name":"wp","href":"https:\/\/api.w.org\/{rel}","templated":true}]}}