{"id":989212,"date":"2024-05-15T18:24:58","date_gmt":"2024-05-15T15:24:58","guid":{"rendered":"https:\/\/meltemaybar.com\/?post_type=product&#038;p=989212"},"modified":"2025-10-03T17:15:18","modified_gmt":"2025-10-03T14:15:18","slug":"ely-couture-long-dress","status":"publish","type":"product","link":"https:\/\/meltemaybar.com\/en\/urun\/ely-couture-long-dress\/","title":{"rendered":"ELY COUTURE LONG DRESS"},"content":{"rendered":"<p>Leylak rengi boncuk i\u015flemeli kuma\u015f\u0131, derin y\u0131rtma\u00e7l\u0131 b\u00fcstiyer transparan bedeni ile dikkat \u00e7eken Ely Couture Long Dress, <strong>stil sahibi kad\u0131nlar\u0131n be\u011fenisine sunuluyor.<\/strong> \u00d6zel davet, balo ve d\u00fc\u011f\u00fcn stiliniz i\u00e7in ideal se\u00e7im olan bu elbise, ayakkab\u0131lar ve \u00e7antalar ile \u015f\u0131k bir g\u00f6r\u00fcn\u00fcm kazanman\u0131 sa\u011fl\u0131yor.<\/p>\n","protected":false},"excerpt":{"rendered":"<p>RENK: Leylak<\/p>\n<p>\u00dcR\u00dcN GRUBU: Gece Elbisesi<\/p>\n<p>MATERYAL: Pamuk\/ Polyester<\/p>\n<p>YAKA T\u0130P\u0130: Straplez Yaka<\/p>\n<p class=\"selectable-text copyable-text x15bjb6t x1n2onr6\" dir=\"ltr\"><span class=\"selectable-text copyable-text\">Made in Turkey <\/span><\/p>\n<p class=\"selectable-text copyable-text x15bjb6t x1n2onr6\" dir=\"ltr\"><span class=\"selectable-text copyable-text\">%100 HAUTE COUTURE<\/span><\/p>\n","protected":false},"featured_media":989160,"comment_status":"closed","ping_status":"closed","template":"","meta":[],"product_brand":[],"product_cat":[210,207,206,262],"product_tag":[],"class_list":{"0":"post-989212","1":"product","2":"type-product","3":"status-publish","4":"has-post-thumbnail","6":"product_cat-couture","7":"product_cat-gece-elbisesi","8":"product_cat-kadin","9":"product_cat-sezon-sonu-indirimi","11":"first","12":"instock","13":"shipping-taxable","14":"purchasable","15":"product-type-variable"},"jetpack_sharing_enabled":true,"_links":{"self":[{"href":"https:\/\/meltemaybar.com\/en\/wp-json\/wp\/v2\/product\/989212","targetHints":{"allow":["GET"]}}],"collection":[{"href":"https:\/\/meltemaybar.com\/en\/wp-json\/wp\/v2\/product"}],"about":[{"href":"https:\/\/meltemaybar.com\/en\/wp-json\/wp\/v2\/types\/product"}],"replies":[{"embeddable":true,"href":"https:\/\/meltemaybar.com\/en\/wp-json\/wp\/v2\/comments?post=989212"}],"wp:featuredmedia":[{"embeddable":true,"href":"https:\/\/meltemaybar.com\/en\/wp-json\/wp\/v2\/media\/989160"}],"wp:attachment":[{"href":"https:\/\/meltemaybar.com\/en\/wp-json\/wp\/v2\/media?parent=989212"}],"wp:term":[{"taxonomy":"product_brand","embeddable":true,"href":"https:\/\/meltemaybar.com\/en\/wp-json\/wp\/v2\/product_brand?post=989212"},{"taxonomy":"product_cat","embeddable":true,"href":"https:\/\/meltemaybar.com\/en\/wp-json\/wp\/v2\/product_cat?post=989212"},{"taxonomy":"product_tag","embeddable":true,"href":"https:\/\/meltemaybar.com\/en\/wp-json\/wp\/v2\/product_tag?post=989212"}],"curies":[{"name":"wp","href":"https:\/\/api.w.org\/{rel}","templated":true}]}}