{"id":989833,"date":"2024-09-26T22:38:55","date_gmt":"2024-09-26T19:38:55","guid":{"rendered":"https:\/\/meltemaybar.com\/?post_type=product&#038;p=989833"},"modified":"2026-04-08T12:39:11","modified_gmt":"2026-04-08T09:39:11","slug":"giz-tuylu-mini-elbise","status":"publish","type":"product","link":"https:\/\/meltemaybar.com\/en\/urun\/giz-tuylu-mini-elbise\/","title":{"rendered":"Giz T\u00fcyl\u00fc Mini Elbise"},"content":{"rendered":"<p>T\u00fcyl\u00fc dantelli mini elbise, etek b\u00f6l\u00fcm\u00fc astarl\u0131 olarak gelecektir.<\/p>\n","protected":false},"excerpt":{"rendered":"<p>T\u00fcyl\u00fc dantelli mini elbise, etek b\u00f6l\u00fcm\u00fc astarl\u0131 olarak gelecektir.<\/p>\n","protected":false},"featured_media":989950,"comment_status":"open","ping_status":"closed","template":"","meta":[],"product_brand":[],"product_cat":[210],"product_tag":[],"class_list":{"0":"post-989833","1":"product","2":"type-product","3":"status-publish","4":"has-post-thumbnail","6":"product_cat-couture","8":"first","9":"outofstock","10":"shipping-taxable","11":"purchasable","12":"product-type-variable"},"jetpack_sharing_enabled":true,"_links":{"self":[{"href":"https:\/\/meltemaybar.com\/en\/wp-json\/wp\/v2\/product\/989833","targetHints":{"allow":["GET"]}}],"collection":[{"href":"https:\/\/meltemaybar.com\/en\/wp-json\/wp\/v2\/product"}],"about":[{"href":"https:\/\/meltemaybar.com\/en\/wp-json\/wp\/v2\/types\/product"}],"replies":[{"embeddable":true,"href":"https:\/\/meltemaybar.com\/en\/wp-json\/wp\/v2\/comments?post=989833"}],"wp:featuredmedia":[{"embeddable":true,"href":"https:\/\/meltemaybar.com\/en\/wp-json\/wp\/v2\/media\/989950"}],"wp:attachment":[{"href":"https:\/\/meltemaybar.com\/en\/wp-json\/wp\/v2\/media?parent=989833"}],"wp:term":[{"taxonomy":"product_brand","embeddable":true,"href":"https:\/\/meltemaybar.com\/en\/wp-json\/wp\/v2\/product_brand?post=989833"},{"taxonomy":"product_cat","embeddable":true,"href":"https:\/\/meltemaybar.com\/en\/wp-json\/wp\/v2\/product_cat?post=989833"},{"taxonomy":"product_tag","embeddable":true,"href":"https:\/\/meltemaybar.com\/en\/wp-json\/wp\/v2\/product_tag?post=989833"}],"curies":[{"name":"wp","href":"https:\/\/api.w.org\/{rel}","templated":true}]}}