{"id":989874,"date":"2024-10-27T19:23:20","date_gmt":"2024-10-27T16:23:20","guid":{"rendered":"https:\/\/meltemaybar.com\/?post_type=product&#038;p=989874"},"modified":"2026-03-17T10:05:34","modified_gmt":"2026-03-17T07:05:34","slug":"after-party-elbise","status":"publish","type":"product","link":"https:\/\/meltemaybar.com\/en\/urun\/after-party-elbise\/","title":{"rendered":"Andreana"},"content":{"rendered":"<p>Andreana Dress , dantel kuma\u015f kullan\u0131lm\u0131\u015f olup etek boyu 40 cmd\u0131r. Beden transparand\u0131r . \u00dcst beden iste\u011fe g\u00f6re astarlanabilir<\/p>\n","protected":false},"excerpt":{"rendered":"<p>Andreana Dress , dantel kuma\u015f kullan\u0131lm\u0131\u015f olup etek boyu 40 cmd\u0131r. Beden transparand\u0131r . \u00dcst beden iste\u011fe g\u00f6re astarlanabilir<\/p>\n","protected":false},"featured_media":989929,"comment_status":"open","ping_status":"closed","template":"","meta":[],"product_brand":[],"product_cat":[210],"product_tag":[],"class_list":{"0":"post-989874","1":"product","2":"type-product","3":"status-publish","4":"has-post-thumbnail","6":"product_cat-couture","8":"first","9":"instock","10":"shipping-taxable","11":"purchasable","12":"product-type-variable"},"jetpack_sharing_enabled":true,"_links":{"self":[{"href":"https:\/\/meltemaybar.com\/en\/wp-json\/wp\/v2\/product\/989874","targetHints":{"allow":["GET"]}}],"collection":[{"href":"https:\/\/meltemaybar.com\/en\/wp-json\/wp\/v2\/product"}],"about":[{"href":"https:\/\/meltemaybar.com\/en\/wp-json\/wp\/v2\/types\/product"}],"replies":[{"embeddable":true,"href":"https:\/\/meltemaybar.com\/en\/wp-json\/wp\/v2\/comments?post=989874"}],"wp:featuredmedia":[{"embeddable":true,"href":"https:\/\/meltemaybar.com\/en\/wp-json\/wp\/v2\/media\/989929"}],"wp:attachment":[{"href":"https:\/\/meltemaybar.com\/en\/wp-json\/wp\/v2\/media?parent=989874"}],"wp:term":[{"taxonomy":"product_brand","embeddable":true,"href":"https:\/\/meltemaybar.com\/en\/wp-json\/wp\/v2\/product_brand?post=989874"},{"taxonomy":"product_cat","embeddable":true,"href":"https:\/\/meltemaybar.com\/en\/wp-json\/wp\/v2\/product_cat?post=989874"},{"taxonomy":"product_tag","embeddable":true,"href":"https:\/\/meltemaybar.com\/en\/wp-json\/wp\/v2\/product_tag?post=989874"}],"curies":[{"name":"wp","href":"https:\/\/api.w.org\/{rel}","templated":true}]}}