{"id":989978,"date":"2024-12-05T21:36:37","date_gmt":"2024-12-05T18:36:37","guid":{"rendered":"https:\/\/meltemaybar.com\/?post_type=product&#038;p=989978"},"modified":"2024-12-05T21:38:31","modified_gmt":"2024-12-05T18:38:31","slug":"rose","status":"publish","type":"product","link":"https:\/\/meltemaybar.com\/en\/urun\/rose\/","title":{"rendered":"Rose"},"content":{"rendered":"<p>K\u0131rm\u0131z\u0131 dantel \u00fczerine el ii\u015f\u00e7ili\u011fi t\u00fcy ile nak\u0131\u015flanm\u0131\u015ft\u0131r, astarl\u0131d\u0131r<\/p>\n<p>Etek boyu bel hizas\u0131ndan 40 cm dir<\/p>\n<p>Model boyu 1.78 dir<\/p>\n","protected":false},"excerpt":{"rendered":"<p>K\u0131rm\u0131z\u0131 dantel \u00fczerine el ii\u015f\u00e7ili\u011fi t\u00fcy ile nak\u0131\u015flanm\u0131\u015ft\u0131r, astarl\u0131d\u0131r Etek boyu bel hizas\u0131ndan 40 cm dir Model boyu 1.78 dir<\/p>\n","protected":false},"featured_media":989987,"comment_status":"open","ping_status":"closed","template":"","meta":[],"product_brand":[],"product_cat":[210],"product_tag":[],"class_list":{"0":"post-989978","1":"product","2":"type-product","3":"status-publish","4":"has-post-thumbnail","6":"product_cat-couture","8":"first","9":"instock","10":"shipping-taxable","11":"purchasable","12":"product-type-variable"},"jetpack_sharing_enabled":true,"_links":{"self":[{"href":"https:\/\/meltemaybar.com\/en\/wp-json\/wp\/v2\/product\/989978","targetHints":{"allow":["GET"]}}],"collection":[{"href":"https:\/\/meltemaybar.com\/en\/wp-json\/wp\/v2\/product"}],"about":[{"href":"https:\/\/meltemaybar.com\/en\/wp-json\/wp\/v2\/types\/product"}],"replies":[{"embeddable":true,"href":"https:\/\/meltemaybar.com\/en\/wp-json\/wp\/v2\/comments?post=989978"}],"wp:featuredmedia":[{"embeddable":true,"href":"https:\/\/meltemaybar.com\/en\/wp-json\/wp\/v2\/media\/989987"}],"wp:attachment":[{"href":"https:\/\/meltemaybar.com\/en\/wp-json\/wp\/v2\/media?parent=989978"}],"wp:term":[{"taxonomy":"product_brand","embeddable":true,"href":"https:\/\/meltemaybar.com\/en\/wp-json\/wp\/v2\/product_brand?post=989978"},{"taxonomy":"product_cat","embeddable":true,"href":"https:\/\/meltemaybar.com\/en\/wp-json\/wp\/v2\/product_cat?post=989978"},{"taxonomy":"product_tag","embeddable":true,"href":"https:\/\/meltemaybar.com\/en\/wp-json\/wp\/v2\/product_tag?post=989978"}],"curies":[{"name":"wp","href":"https:\/\/api.w.org\/{rel}","templated":true}]}}