{"id":989992,"date":"2024-12-10T19:29:33","date_gmt":"2024-12-10T16:29:33","guid":{"rendered":"https:\/\/meltemaybar.com\/?post_type=product&#038;p=989992"},"modified":"2026-03-02T16:10:55","modified_gmt":"2026-03-02T13:10:55","slug":"pinky","status":"publish","type":"product","link":"https:\/\/meltemaybar.com\/en\/urun\/pinky\/","title":{"rendered":"Pinky"},"content":{"rendered":"<p>Pinky dantel elbise t\u00fcy detaylar\u0131 ile s\u00fcslenmi\u015ftir. Etek boyu 40 cmdir etek astarl\u0131d\u0131r<\/p>\n","protected":false},"excerpt":{"rendered":"<p>Pinky dantel elbise t\u00fcy detaylar\u0131 ile s\u00fcslenmi\u015ftir. Etek boyu 40 cmdir etek astarl\u0131d\u0131r<\/p>\n","protected":false},"featured_media":989990,"comment_status":"open","ping_status":"closed","template":"","meta":[],"product_brand":[],"product_cat":[210],"product_tag":[],"class_list":{"0":"post-989992","1":"product","2":"type-product","3":"status-publish","4":"has-post-thumbnail","6":"product_cat-couture","8":"first","9":"outofstock","10":"shipping-taxable","11":"purchasable","12":"product-type-variable"},"jetpack_sharing_enabled":true,"_links":{"self":[{"href":"https:\/\/meltemaybar.com\/en\/wp-json\/wp\/v2\/product\/989992","targetHints":{"allow":["GET"]}}],"collection":[{"href":"https:\/\/meltemaybar.com\/en\/wp-json\/wp\/v2\/product"}],"about":[{"href":"https:\/\/meltemaybar.com\/en\/wp-json\/wp\/v2\/types\/product"}],"replies":[{"embeddable":true,"href":"https:\/\/meltemaybar.com\/en\/wp-json\/wp\/v2\/comments?post=989992"}],"wp:featuredmedia":[{"embeddable":true,"href":"https:\/\/meltemaybar.com\/en\/wp-json\/wp\/v2\/media\/989990"}],"wp:attachment":[{"href":"https:\/\/meltemaybar.com\/en\/wp-json\/wp\/v2\/media?parent=989992"}],"wp:term":[{"taxonomy":"product_brand","embeddable":true,"href":"https:\/\/meltemaybar.com\/en\/wp-json\/wp\/v2\/product_brand?post=989992"},{"taxonomy":"product_cat","embeddable":true,"href":"https:\/\/meltemaybar.com\/en\/wp-json\/wp\/v2\/product_cat?post=989992"},{"taxonomy":"product_tag","embeddable":true,"href":"https:\/\/meltemaybar.com\/en\/wp-json\/wp\/v2\/product_tag?post=989992"}],"curies":[{"name":"wp","href":"https:\/\/api.w.org\/{rel}","templated":true}]}}