{"id":990561,"date":"2025-03-30T03:25:58","date_gmt":"2025-03-30T00:25:58","guid":{"rendered":"https:\/\/meltemaybar.com\/?post_type=product&#038;p=990561"},"modified":"2025-10-03T17:15:17","modified_gmt":"2025-10-03T14:15:17","slug":"look2","status":"publish","type":"product","link":"https:\/\/meltemaybar.com\/en\/urun\/look2\/","title":{"rendered":"Look2"},"content":{"rendered":"<p>Gri Renkte boncuklu dantel kuma\u015f\u0131, geni\u015f g\u00f6\u011f\u00fcs ve s\u0131rt dekolte ask\u0131 aksesuar detay\u0131 ile dikkat \u00e7eken Look2,siz <strong>stil sahibi kad\u0131nlar\u0131n be\u011fenisine sunuluyor.<\/strong> \u00c7arp\u0131c\u0131 bir duru\u015f yans\u0131tan bu tam boy tasar\u0131m gece elbisesi,\u00a0 s\u0131rt dekoltesinde yer alan swarovski ta\u015f ask\u0131 detay\u0131 ile iddial\u0131 bir stil sunuyor.<\/p>\n<p>\u00d6zel davet, balo ve d\u00fc\u011f\u00fcn stiliniz i\u00e7in ideal se\u00e7im olan bu elbise, ayakkab\u0131lar ve \u00e7antalar ile \u015f\u0131k bir g\u00f6r\u00fcn\u00fcm kazanman\u0131 sa\u011fl\u0131yor<\/p>\n","protected":false},"excerpt":{"rendered":"[contact-form][contact-field label=\"\u0130sim\" type=\"name\"  required=\"true\" \/][contact-field label=\"E-posta\" type=\"email\" required=\"true\" \/][contact-field label=\"\u0130nternet sitesi\" type=\"url\" \/][contact-field label=\"Mesaj\" type=\"textarea\" \/][\/contact-form]\n","protected":false},"featured_media":990564,"comment_status":"open","ping_status":"closed","template":"","meta":[],"product_brand":[],"product_cat":[224,262],"product_tag":[231,232,230],"class_list":{"0":"post-990561","1":"product","2":"type-product","3":"status-publish","4":"has-post-thumbnail","6":"product_cat-etoile","7":"product_cat-sezon-sonu-indirimi","8":"product_tag-dugun","9":"product_tag-mezuniyet","10":"product_tag-nisan","12":"first","13":"instock","14":"sale","15":"shipping-taxable","16":"purchasable","17":"product-type-simple"},"jetpack_sharing_enabled":true,"_links":{"self":[{"href":"https:\/\/meltemaybar.com\/en\/wp-json\/wp\/v2\/product\/990561","targetHints":{"allow":["GET"]}}],"collection":[{"href":"https:\/\/meltemaybar.com\/en\/wp-json\/wp\/v2\/product"}],"about":[{"href":"https:\/\/meltemaybar.com\/en\/wp-json\/wp\/v2\/types\/product"}],"replies":[{"embeddable":true,"href":"https:\/\/meltemaybar.com\/en\/wp-json\/wp\/v2\/comments?post=990561"}],"wp:featuredmedia":[{"embeddable":true,"href":"https:\/\/meltemaybar.com\/en\/wp-json\/wp\/v2\/media\/990564"}],"wp:attachment":[{"href":"https:\/\/meltemaybar.com\/en\/wp-json\/wp\/v2\/media?parent=990561"}],"wp:term":[{"taxonomy":"product_brand","embeddable":true,"href":"https:\/\/meltemaybar.com\/en\/wp-json\/wp\/v2\/product_brand?post=990561"},{"taxonomy":"product_cat","embeddable":true,"href":"https:\/\/meltemaybar.com\/en\/wp-json\/wp\/v2\/product_cat?post=990561"},{"taxonomy":"product_tag","embeddable":true,"href":"https:\/\/meltemaybar.com\/en\/wp-json\/wp\/v2\/product_tag?post=990561"}],"curies":[{"name":"wp","href":"https:\/\/api.w.org\/{rel}","templated":true}]}}