{"id":990566,"date":"2025-03-30T03:48:55","date_gmt":"2025-03-30T00:48:55","guid":{"rendered":"https:\/\/meltemaybar.com\/?post_type=product&#038;p=990566"},"modified":"2025-11-22T15:23:09","modified_gmt":"2025-11-22T12:23:09","slug":"look33","status":"publish","type":"product","link":"https:\/\/meltemaybar.com\/en\/urun\/look33\/","title":{"rendered":"Look33"},"content":{"rendered":"<p>Koyu K\u0131rm\u0131z\u0131 \u00fcnl\u00fc Frans\u0131z lez danteli, geni\u015f yaka dekoltesi ve zarif kol detay\u0131 ile dikkat \u00e7eken Look33, siz <strong>stil sahibi kad\u0131nlar\u0131n be\u011fenisine sunuluyor.<\/strong> \u00c7arp\u0131c\u0131 bir duru\u015f yans\u0131tan y\u0131rtma\u00e7l\u0131 tam boy tasar\u0131m gece elbisesi,\u00a0 bacak dekoltesi ve dantel \u00fczerinde her biri el i\u015f\u00e7ili\u011fi olan boncuk detay\u0131 ile iddial\u0131 bir stil sunuyor. \u00d6zel davet, balo ve d\u00fc\u011f\u00fcn stiliniz i\u00e7in ideal se\u00e7im olan bu elbise, ayakkab\u0131lar ve \u00e7antalar ile \u015f\u0131k bir g\u00f6r\u00fcn\u00fcm kazanman\u0131 sa\u011fl\u0131yor<\/p>\n","protected":false},"excerpt":{"rendered":"<p>Ni\u015fan, d\u00fc\u011f\u00fcn, mezuniyet<\/p>\n","protected":false},"featured_media":990568,"comment_status":"open","ping_status":"closed","template":"","meta":[],"product_brand":[],"product_cat":[224,263,262],"product_tag":[242,229,231,241,234,239,240,238,232,230],"class_list":{"0":"post-990566","1":"product","2":"type-product","3":"status-publish","4":"has-post-thumbnail","6":"product_cat-etoile","7":"product_cat-favori-urunler","8":"product_cat-sezon-sonu-indirimi","9":"product_tag-balo","10":"product_tag-couture","11":"product_tag-dugun","12":"product_tag-eveningdress","13":"product_tag-hautecouture","14":"product_tag-hennadress","15":"product_tag-kinaelbisesi","16":"product_tag-kirmiziabiye","17":"product_tag-mezuniyet","18":"product_tag-nisan","20":"first","21":"instock","22":"sale","23":"featured","24":"shipping-taxable","25":"purchasable","26":"product-type-simple"},"jetpack_sharing_enabled":true,"_links":{"self":[{"href":"https:\/\/meltemaybar.com\/en\/wp-json\/wp\/v2\/product\/990566","targetHints":{"allow":["GET"]}}],"collection":[{"href":"https:\/\/meltemaybar.com\/en\/wp-json\/wp\/v2\/product"}],"about":[{"href":"https:\/\/meltemaybar.com\/en\/wp-json\/wp\/v2\/types\/product"}],"replies":[{"embeddable":true,"href":"https:\/\/meltemaybar.com\/en\/wp-json\/wp\/v2\/comments?post=990566"}],"wp:featuredmedia":[{"embeddable":true,"href":"https:\/\/meltemaybar.com\/en\/wp-json\/wp\/v2\/media\/990568"}],"wp:attachment":[{"href":"https:\/\/meltemaybar.com\/en\/wp-json\/wp\/v2\/media?parent=990566"}],"wp:term":[{"taxonomy":"product_brand","embeddable":true,"href":"https:\/\/meltemaybar.com\/en\/wp-json\/wp\/v2\/product_brand?post=990566"},{"taxonomy":"product_cat","embeddable":true,"href":"https:\/\/meltemaybar.com\/en\/wp-json\/wp\/v2\/product_cat?post=990566"},{"taxonomy":"product_tag","embeddable":true,"href":"https:\/\/meltemaybar.com\/en\/wp-json\/wp\/v2\/product_tag?post=990566"}],"curies":[{"name":"wp","href":"https:\/\/api.w.org\/{rel}","templated":true}]}}