{"id":990571,"date":"2025-03-30T04:19:45","date_gmt":"2025-03-30T01:19:45","guid":{"rendered":"https:\/\/meltemaybar.com\/?post_type=product&#038;p=990571"},"modified":"2025-11-22T15:22:13","modified_gmt":"2025-11-22T12:22:13","slug":"look13","status":"publish","type":"product","link":"https:\/\/meltemaybar.com\/en\/urun\/look13\/","title":{"rendered":"Look13"},"content":{"rendered":"<p>Mavi renk inci boncuklu dantel kuma\u015f\u0131, s\u0131rt dekoltesi ve g\u00fcl pelerin aksesuar detay\u0131 ile dikkat \u00e7eken Look13, siz <strong>stil sahibi kad\u0131nlar\u0131n be\u011fenisine sunuluyor.<\/strong> \u00c7arp\u0131c\u0131 bir duru\u015f yans\u0131tan bu tam boy tasar\u0131m gece elbisesi,\u00a0 inci boncuk detaylar\u0131 ile iddial\u0131 bir stil sunuyor. \u00d6zel davet, balo ve d\u00fc\u011f\u00fcn stiliniz i\u00e7in ideal se\u00e7im olan bu elbise, ayakkab\u0131lar ve \u00e7antalar ile \u015f\u0131k bir g\u00f6r\u00fcn\u00fcm kazanman\u0131 sa\u011fl\u0131yor<\/p>\n","protected":false},"excerpt":{"rendered":"<p>Mavi renk inci boncuklu dantel kuma\u015f\u0131, s\u0131rt dekoltesi ve g\u00fcl pelerin aksesuar detay\u0131 ile dikkat \u00e7eken Look13, siz stil sahibi kad\u0131nlar\u0131n be\u011fenisine sunuluyor. \u00c7arp\u0131c\u0131 bir duru\u015f yans\u0131tan bu tam boy tasar\u0131m gece elbisesi,\u00a0 inci boncuk detaylar\u0131 ile iddial\u0131 bir stil sunuyor. \u00d6zel davet, balo ve d\u00fc\u011f\u00fcn stiliniz i\u00e7in ideal se\u00e7im olan bu elbise, ayakkab\u0131lar ve [&hellip;]<\/p>\n","protected":false},"featured_media":990610,"comment_status":"open","ping_status":"closed","template":"","meta":[],"product_brand":[],"product_cat":[224,263,262],"product_tag":[229,231,232,230],"class_list":{"0":"post-990571","1":"product","2":"type-product","3":"status-publish","4":"has-post-thumbnail","6":"product_cat-etoile","7":"product_cat-favori-urunler","8":"product_cat-sezon-sonu-indirimi","9":"product_tag-couture","10":"product_tag-dugun","11":"product_tag-mezuniyet","12":"product_tag-nisan","14":"first","15":"instock","16":"sale","17":"shipping-taxable","18":"purchasable","19":"product-type-variable"},"jetpack_sharing_enabled":true,"_links":{"self":[{"href":"https:\/\/meltemaybar.com\/en\/wp-json\/wp\/v2\/product\/990571","targetHints":{"allow":["GET"]}}],"collection":[{"href":"https:\/\/meltemaybar.com\/en\/wp-json\/wp\/v2\/product"}],"about":[{"href":"https:\/\/meltemaybar.com\/en\/wp-json\/wp\/v2\/types\/product"}],"replies":[{"embeddable":true,"href":"https:\/\/meltemaybar.com\/en\/wp-json\/wp\/v2\/comments?post=990571"}],"wp:featuredmedia":[{"embeddable":true,"href":"https:\/\/meltemaybar.com\/en\/wp-json\/wp\/v2\/media\/990610"}],"wp:attachment":[{"href":"https:\/\/meltemaybar.com\/en\/wp-json\/wp\/v2\/media?parent=990571"}],"wp:term":[{"taxonomy":"product_brand","embeddable":true,"href":"https:\/\/meltemaybar.com\/en\/wp-json\/wp\/v2\/product_brand?post=990571"},{"taxonomy":"product_cat","embeddable":true,"href":"https:\/\/meltemaybar.com\/en\/wp-json\/wp\/v2\/product_cat?post=990571"},{"taxonomy":"product_tag","embeddable":true,"href":"https:\/\/meltemaybar.com\/en\/wp-json\/wp\/v2\/product_tag?post=990571"}],"curies":[{"name":"wp","href":"https:\/\/api.w.org\/{rel}","templated":true}]}}