{"id":990587,"date":"2025-04-01T23:08:20","date_gmt":"2025-04-01T20:08:20","guid":{"rendered":"https:\/\/meltemaybar.com\/?post_type=product&#038;p=990587"},"modified":"2026-03-09T12:48:53","modified_gmt":"2026-03-09T09:48:53","slug":"look28","status":"publish","type":"product","link":"https:\/\/meltemaybar.com\/en\/urun\/look28\/","title":{"rendered":"Look28"},"content":{"rendered":"<p>Ye\u015fil-gri boncuklu dantel kuma\u015f\u0131, g\u00f6\u011f\u00fcs dekoltesi ve pelerin aksesuar detay\u0131 ile dikkat \u00e7eken Look28 , siz <strong>stil sahibi kad\u0131nlar\u0131n be\u011fenisine sunuluyor.<\/strong> \u00c7arp\u0131c\u0131 bir duru\u015f yans\u0131tan bu tam boy tasar\u0131m gece elbisesi,\u00a0 y\u0131rtma\u00e7 detay\u0131 ile iddial\u0131 bir stil sunuyor. \u00d6zel davet, balo ve d\u00fc\u011f\u00fcn stiliniz i\u00e7in ideal se\u00e7im olan bu elbise, ayakkab\u0131lar ve \u00e7antalar ile \u015f\u0131k bir g\u00f6r\u00fcn\u00fcm kazanman\u0131 sa\u011fl\u0131yor<\/p>\n","protected":false},"excerpt":{"rendered":"<p>Ye\u015fil-gri boncuklu dantel kuma\u015f\u0131, g\u00f6\u011f\u00fcs dekoltesi ve pelerin aksesuar detay\u0131 ile dikkat \u00e7eken Look28 , siz stil sahibi kad\u0131nlar\u0131n be\u011fenisine sunuluyor. \u00c7arp\u0131c\u0131 bir duru\u015f yans\u0131tan bu tam boy tasar\u0131m gece elbisesi,\u00a0 y\u0131rtma\u00e7 detay\u0131 ile iddial\u0131 bir stil sunuyor. \u00d6zel davet, balo ve d\u00fc\u011f\u00fcn stiliniz i\u00e7in ideal se\u00e7im olan bu elbise, ayakkab\u0131lar ve \u00e7antalar ile \u015f\u0131k [&hellip;]<\/p>\n","protected":false},"featured_media":990589,"comment_status":"open","ping_status":"closed","template":"","meta":[],"product_brand":[],"product_cat":[224,263,262],"product_tag":[229,231,241,234,240,232,230],"class_list":{"0":"post-990587","1":"product","2":"type-product","3":"status-publish","4":"has-post-thumbnail","6":"product_cat-etoile","7":"product_cat-favori-urunler","8":"product_cat-sezon-sonu-indirimi","9":"product_tag-couture","10":"product_tag-dugun","11":"product_tag-eveningdress","12":"product_tag-hautecouture","13":"product_tag-kinaelbisesi","14":"product_tag-mezuniyet","15":"product_tag-nisan","17":"first","18":"onbackorder","19":"sale","20":"shipping-taxable","21":"purchasable","22":"product-type-variable"},"jetpack_sharing_enabled":true,"_links":{"self":[{"href":"https:\/\/meltemaybar.com\/en\/wp-json\/wp\/v2\/product\/990587","targetHints":{"allow":["GET"]}}],"collection":[{"href":"https:\/\/meltemaybar.com\/en\/wp-json\/wp\/v2\/product"}],"about":[{"href":"https:\/\/meltemaybar.com\/en\/wp-json\/wp\/v2\/types\/product"}],"replies":[{"embeddable":true,"href":"https:\/\/meltemaybar.com\/en\/wp-json\/wp\/v2\/comments?post=990587"}],"wp:featuredmedia":[{"embeddable":true,"href":"https:\/\/meltemaybar.com\/en\/wp-json\/wp\/v2\/media\/990589"}],"wp:attachment":[{"href":"https:\/\/meltemaybar.com\/en\/wp-json\/wp\/v2\/media?parent=990587"}],"wp:term":[{"taxonomy":"product_brand","embeddable":true,"href":"https:\/\/meltemaybar.com\/en\/wp-json\/wp\/v2\/product_brand?post=990587"},{"taxonomy":"product_cat","embeddable":true,"href":"https:\/\/meltemaybar.com\/en\/wp-json\/wp\/v2\/product_cat?post=990587"},{"taxonomy":"product_tag","embeddable":true,"href":"https:\/\/meltemaybar.com\/en\/wp-json\/wp\/v2\/product_tag?post=990587"}],"curies":[{"name":"wp","href":"https:\/\/api.w.org\/{rel}","templated":true}]}}