{"id":990628,"date":"2025-04-07T05:12:20","date_gmt":"2025-04-07T02:12:20","guid":{"rendered":"https:\/\/meltemaybar.com\/?post_type=product&#038;p=990628"},"modified":"2025-10-03T17:15:16","modified_gmt":"2025-10-03T14:15:16","slug":"look-3","status":"publish","type":"product","link":"https:\/\/meltemaybar.com\/en\/urun\/look-3\/","title":{"rendered":"Look 3"},"content":{"rendered":"<p><span style=\"font-family: Montserrat, sans-serif;font-size: 16px;font-style: normal;font-weight: 400;letter-spacing: normal;text-align: start;text-indent: 0px;text-transform: none;text-decoration: none;float: none\">Bej renk \u00fcnl\u00fc Frans\u0131z lez danteli, bisiklet yaka dekoltesi ve zarif kol detay\u0131 ile dikkat \u00e7eken Look 3 , siz<\/span><span style=\"font-family: Montserrat, sans-serif;font-size: 16px;font-style: normal;font-weight: 400;letter-spacing: normal;text-align: start;text-indent: 0px;text-transform: none;text-decoration: none;float: none\"><span class=\"Apple-converted-space\">&nbsp;<\/span><\/span><strong style=\"font-weight: bolder;font-family: Montserrat, sans-serif;font-size: 16px;font-style: normal;letter-spacing: normal;text-align: start;text-indent: 0px;text-transform: none;text-decoration: none\">stil sahibi kad\u0131nlar\u0131n be\u011fenisine sunuluyor.<\/strong><span style=\"font-family: Montserrat, sans-serif;font-size: 16px;font-style: normal;font-weight: 400;letter-spacing: normal;text-align: start;text-indent: 0px;text-transform: none;text-decoration: none;float: none\"><span class=\"Apple-converted-space\">&nbsp;<\/span><\/span><span style=\"font-family: Montserrat, sans-serif;font-size: 16px;font-style: normal;font-weight: 400;letter-spacing: normal;text-align: start;text-indent: 0px;text-transform: none;text-decoration: none;float: none\">\u00c7arp\u0131c\u0131 bir duru\u015f yans\u0131tan tam boy tasar\u0131m gece elbisesi,&nbsp;  kol detay\u0131 detay\u0131 ile iddial\u0131 bir stil sunuyor. \u00d6zel davet, balo ve d\u00fc\u011f\u00fcn stiliniz i\u00e7in ideal se\u00e7im olan bu elbise, ayakkab\u0131lar ve \u00e7antalar ile \u015f\u0131k bir g\u00f6r\u00fcn\u00fcm kazanman\u0131 sa\u011fl\u0131yor<\/span><\/p>\n","protected":false},"excerpt":{"rendered":"<p>Bej renk \u00fcnl\u00fc Frans\u0131z lez danteli, bisiklet yaka dekoltesi ve zarif kol detay\u0131 ile dikkat \u00e7eken Look 3 , siz&nbsp;stil sahibi kad\u0131nlar\u0131n be\u011fenisine sunuluyor.&nbsp;\u00c7arp\u0131c\u0131 bir duru\u015f yans\u0131tan tam boy tasar\u0131m gece elbisesi,&nbsp; kol detay\u0131 detay\u0131 ile iddial\u0131 bir stil sunuyor. \u00d6zel davet, balo ve d\u00fc\u011f\u00fcn stiliniz i\u00e7in ideal se\u00e7im olan bu elbise, ayakkab\u0131lar ve \u00e7antalar [&hellip;]<\/p>\n","protected":false},"featured_media":990627,"comment_status":"open","ping_status":"closed","template":"","meta":[],"product_brand":[],"product_cat":[224,262],"product_tag":[],"class_list":{"0":"post-990628","1":"product","2":"type-product","3":"status-publish","4":"has-post-thumbnail","6":"product_cat-etoile","7":"product_cat-sezon-sonu-indirimi","9":"first","10":"instock","11":"sale","12":"shipping-taxable","13":"purchasable","14":"product-type-variable"},"jetpack_sharing_enabled":true,"_links":{"self":[{"href":"https:\/\/meltemaybar.com\/en\/wp-json\/wp\/v2\/product\/990628","targetHints":{"allow":["GET"]}}],"collection":[{"href":"https:\/\/meltemaybar.com\/en\/wp-json\/wp\/v2\/product"}],"about":[{"href":"https:\/\/meltemaybar.com\/en\/wp-json\/wp\/v2\/types\/product"}],"replies":[{"embeddable":true,"href":"https:\/\/meltemaybar.com\/en\/wp-json\/wp\/v2\/comments?post=990628"}],"wp:featuredmedia":[{"embeddable":true,"href":"https:\/\/meltemaybar.com\/en\/wp-json\/wp\/v2\/media\/990627"}],"wp:attachment":[{"href":"https:\/\/meltemaybar.com\/en\/wp-json\/wp\/v2\/media?parent=990628"}],"wp:term":[{"taxonomy":"product_brand","embeddable":true,"href":"https:\/\/meltemaybar.com\/en\/wp-json\/wp\/v2\/product_brand?post=990628"},{"taxonomy":"product_cat","embeddable":true,"href":"https:\/\/meltemaybar.com\/en\/wp-json\/wp\/v2\/product_cat?post=990628"},{"taxonomy":"product_tag","embeddable":true,"href":"https:\/\/meltemaybar.com\/en\/wp-json\/wp\/v2\/product_tag?post=990628"}],"curies":[{"name":"wp","href":"https:\/\/api.w.org\/{rel}","templated":true}]}}