{"id":990809,"date":"2025-04-07T06:46:35","date_gmt":"2025-04-07T03:46:35","guid":{"rendered":"https:\/\/meltemaybar.com\/?post_type=product&#038;p=990809"},"modified":"2025-10-03T17:15:14","modified_gmt":"2025-10-03T14:15:14","slug":"look21","status":"publish","type":"product","link":"https:\/\/meltemaybar.com\/en\/urun\/look21\/","title":{"rendered":"Look21"},"content":{"rendered":"<p><span style=\"font-family: Montserrat, sans-serif;font-size: 16px;font-style: normal;font-weight: 400;letter-spacing: normal;text-align: start;text-indent: 0px;text-transform: none;text-decoration: none;float: none\">\u015eeftali tonu \u015fifon  kuma\u015f pelerin, geni\u015f yaka dekoltesi ve zarif etek detay\u0131 ile dikkat \u00e7eken look 21, siz<\/span><span style=\"font-family: Montserrat, sans-serif;font-size: 16px;font-style: normal;font-weight: 400;letter-spacing: normal;text-align: start;text-indent: 0px;text-transform: none;text-decoration: none;float: none\"><span class=\"Apple-converted-space\">&nbsp;<\/span><\/span><strong style=\"font-weight: bolder;font-family: Montserrat, sans-serif;font-size: 16px;font-style: normal;letter-spacing: normal;text-align: start;text-indent: 0px;text-transform: none;text-decoration: none\">stil sahibi kad\u0131nlar\u0131n be\u011fenisine sunuluyor.<\/strong><span style=\"font-family: Montserrat, sans-serif;font-size: 16px;font-style: normal;font-weight: 400;letter-spacing: normal;text-align: start;text-indent: 0px;text-transform: none;text-decoration: none;float: none\"><span class=\"Apple-converted-space\">&nbsp;<\/span><\/span><span style=\"font-family: Montserrat, sans-serif;font-size: 16px;font-style: normal;font-weight: 400;letter-spacing: normal;text-align: start;text-indent: 0px;text-transform: none;text-decoration: none;float: none\">\u00c7arp\u0131c\u0131 bir duru\u015f yans\u0131tan mini boy tasar\u0131m gece elbisesi,&nbsp; dantel \u00fczerinde her biri el i\u015f\u00e7ili\u011fi olan boncuk detay\u0131 ile iddial\u0131 bir stil sunuyor. \u00d6zel davet, balo ve d\u00fc\u011f\u00fcn stiliniz i\u00e7in ideal se\u00e7im olan bu elbise, ayakkab\u0131lar ve \u00e7antalar ile \u015f\u0131k bir g\u00f6r\u00fcn\u00fcm kazanman\u0131 sa\u011fl\u0131yor<\/span><span style=\"font-family: Montserrat, sans-serif;font-size: 16px;font-style: normal;font-weight: 400;letter-spacing: normal;text-align: start;text-indent: 0px;text-transform: none;text-decoration: none;float: none\"><span class=\"Apple-converted-space\">&nbsp;<\/span><\/span><span style=\"font-family: Montserrat, sans-serif;font-size: 16px;font-style: normal;font-weight: 400;letter-spacing: normal;text-align: start;text-indent: 0px;text-transform: none;text-decoration: none;float: none\">Not: Astarl\u0131 olarak sat\u0131\u015f\u0131 yap\u0131lmaktad\u0131r, astar\u0131 nude renktir .<\/span><span style=\"font-family: Montserrat, sans-serif;font-size: 16px;font-style: normal;font-weight: 400;letter-spacing: normal;text-align: start;text-indent: 0px;text-transform: none;text-decoration: none;float: none\"><span class=\"Apple-converted-space\">&nbsp;<\/span><\/span><\/p>\n<p><span style=\"font-family: Montserrat, sans-serif;font-size: 16px;font-style: normal;font-weight: 400;letter-spacing: normal;text-align: start;text-indent: 0px;text-transform: none;text-decoration: none;float: none\"><\/span><\/p>\n<p><span style=\"font-family: Montserrat, sans-serif;font-size: 16px;font-style: normal;font-weight: 400;letter-spacing: normal;text-align: start;text-indent: 0px;text-transform: none;text-decoration: none;float: none\">Model boyu 1.80 beden \u00f6l\u00e7\u00fcs\u00fc tam S bedendir.<\/span><\/p>\n","protected":false},"excerpt":{"rendered":"<p>\u015eeftali tonu \u015fifon kuma\u015f pelerin, geni\u015f yaka dekoltesi ve zarif etek detay\u0131 ile dikkat \u00e7eken look 21, siz&nbsp;stil sahibi kad\u0131nlar\u0131n be\u011fenisine sunuluyor.&nbsp;\u00c7arp\u0131c\u0131 bir duru\u015f yans\u0131tan mini boy tasar\u0131m gece elbisesi,&nbsp; dantel \u00fczerinde her biri el i\u015f\u00e7ili\u011fi olan boncuk detay\u0131 ile iddial\u0131 bir stil sunuyor. \u00d6zel davet, balo ve d\u00fc\u011f\u00fcn stiliniz i\u00e7in ideal se\u00e7im olan bu [&hellip;]<\/p>\n","protected":false},"featured_media":990808,"comment_status":"open","ping_status":"closed","template":"","meta":[],"product_brand":[],"product_cat":[224,262],"product_tag":[],"class_list":{"0":"post-990809","1":"product","2":"type-product","3":"status-publish","4":"has-post-thumbnail","6":"product_cat-etoile","7":"product_cat-sezon-sonu-indirimi","9":"first","10":"instock","11":"shipping-taxable","12":"purchasable","13":"product-type-variable"},"jetpack_sharing_enabled":true,"_links":{"self":[{"href":"https:\/\/meltemaybar.com\/en\/wp-json\/wp\/v2\/product\/990809","targetHints":{"allow":["GET"]}}],"collection":[{"href":"https:\/\/meltemaybar.com\/en\/wp-json\/wp\/v2\/product"}],"about":[{"href":"https:\/\/meltemaybar.com\/en\/wp-json\/wp\/v2\/types\/product"}],"replies":[{"embeddable":true,"href":"https:\/\/meltemaybar.com\/en\/wp-json\/wp\/v2\/comments?post=990809"}],"wp:featuredmedia":[{"embeddable":true,"href":"https:\/\/meltemaybar.com\/en\/wp-json\/wp\/v2\/media\/990808"}],"wp:attachment":[{"href":"https:\/\/meltemaybar.com\/en\/wp-json\/wp\/v2\/media?parent=990809"}],"wp:term":[{"taxonomy":"product_brand","embeddable":true,"href":"https:\/\/meltemaybar.com\/en\/wp-json\/wp\/v2\/product_brand?post=990809"},{"taxonomy":"product_cat","embeddable":true,"href":"https:\/\/meltemaybar.com\/en\/wp-json\/wp\/v2\/product_cat?post=990809"},{"taxonomy":"product_tag","embeddable":true,"href":"https:\/\/meltemaybar.com\/en\/wp-json\/wp\/v2\/product_tag?post=990809"}],"curies":[{"name":"wp","href":"https:\/\/api.w.org\/{rel}","templated":true}]}}