{"id":990848,"date":"2025-04-07T06:58:18","date_gmt":"2025-04-07T03:58:18","guid":{"rendered":"https:\/\/meltemaybar.com\/?post_type=product&#038;p=990848"},"modified":"2025-04-17T03:12:31","modified_gmt":"2025-04-17T00:12:31","slug":"look24","status":"publish","type":"product","link":"https:\/\/meltemaybar.com\/en\/urun\/look24\/","title":{"rendered":"Look24"},"content":{"rendered":"<p><span style=\"font-family: Montserrat, sans-serif;font-size: 16px;font-style: normal;font-weight: 400;letter-spacing: normal;text-align: start;text-indent: 0px;text-transform: none;text-decoration: none;float: none\">\u0130ndigo mavi danteli, s\u0131rt dekoltesi ve zarif boyun detay\u0131 ile dikkat \u00e7eken look 24, siz<\/span><span style=\"font-family: Montserrat, sans-serif;font-size: 16px;font-style: normal;font-weight: 400;letter-spacing: normal;text-align: start;text-indent: 0px;text-transform: none;text-decoration: none;float: none\"><span class=\"Apple-converted-space\">&nbsp;<\/span><\/span><strong style=\"font-weight: bolder;font-family: Montserrat, sans-serif;font-size: 16px;font-style: normal;letter-spacing: normal;text-align: start;text-indent: 0px;text-transform: none;text-decoration: none\">stil sahibi kad\u0131nlar\u0131n be\u011fenisine sunuluyor.<\/strong><span style=\"font-family: Montserrat, sans-serif;font-size: 16px;font-style: normal;font-weight: 400;letter-spacing: normal;text-align: start;text-indent: 0px;text-transform: none;text-decoration: none;float: none\"><span class=\"Apple-converted-space\">&nbsp;<\/span><\/span><span style=\"font-family: Montserrat, sans-serif;font-size: 16px;font-style: normal;font-weight: 400;letter-spacing: normal;text-align: start;text-indent: 0px;text-transform: none;text-decoration: none;float: none\">\u00c7arp\u0131c\u0131 bir duru\u015f yans\u0131tan tam boy tasar\u0131m gece elbisesi,&nbsp; s\u0131rt dekoltesi detay\u0131 ve kurdele pelerin detay\u0131 ile iddial\u0131 bir stil sunuyor. \u00d6zel davet, balo ve d\u00fc\u011f\u00fcn stiliniz i\u00e7in ideal se\u00e7im olan bu elbise, ayakkab\u0131lar ve \u00e7antalar ile \u015f\u0131k bir g\u00f6r\u00fcn\u00fcm kazanman\u0131 sa\u011fl\u0131yor<\/span><\/p>\n","protected":false},"excerpt":{"rendered":"<p>\u0130ndigo mavi danteli, s\u0131rt dekoltesi ve zarif boyun detay\u0131 ile dikkat \u00e7eken look 24, siz&nbsp;stil sahibi kad\u0131nlar\u0131n be\u011fenisine sunuluyor.&nbsp;\u00c7arp\u0131c\u0131 bir duru\u015f yans\u0131tan tam boy tasar\u0131m gece elbisesi,&nbsp; s\u0131rt dekoltesi detay\u0131 ve kurdele pelerin detay\u0131 ile iddial\u0131 bir stil sunuyor. \u00d6zel davet, balo ve d\u00fc\u011f\u00fcn stiliniz i\u00e7in ideal se\u00e7im olan bu elbise, ayakkab\u0131lar ve \u00e7antalar ile [&hellip;]<\/p>\n","protected":false},"featured_media":990846,"comment_status":"open","ping_status":"closed","template":"","meta":[],"product_brand":[],"product_cat":[224],"product_tag":[],"class_list":{"0":"post-990848","1":"product","2":"type-product","3":"status-publish","4":"has-post-thumbnail","6":"product_cat-etoile","8":"first","9":"instock","10":"shipping-taxable","11":"purchasable","12":"product-type-variable"},"jetpack_sharing_enabled":true,"_links":{"self":[{"href":"https:\/\/meltemaybar.com\/en\/wp-json\/wp\/v2\/product\/990848","targetHints":{"allow":["GET"]}}],"collection":[{"href":"https:\/\/meltemaybar.com\/en\/wp-json\/wp\/v2\/product"}],"about":[{"href":"https:\/\/meltemaybar.com\/en\/wp-json\/wp\/v2\/types\/product"}],"replies":[{"embeddable":true,"href":"https:\/\/meltemaybar.com\/en\/wp-json\/wp\/v2\/comments?post=990848"}],"wp:featuredmedia":[{"embeddable":true,"href":"https:\/\/meltemaybar.com\/en\/wp-json\/wp\/v2\/media\/990846"}],"wp:attachment":[{"href":"https:\/\/meltemaybar.com\/en\/wp-json\/wp\/v2\/media?parent=990848"}],"wp:term":[{"taxonomy":"product_brand","embeddable":true,"href":"https:\/\/meltemaybar.com\/en\/wp-json\/wp\/v2\/product_brand?post=990848"},{"taxonomy":"product_cat","embeddable":true,"href":"https:\/\/meltemaybar.com\/en\/wp-json\/wp\/v2\/product_cat?post=990848"},{"taxonomy":"product_tag","embeddable":true,"href":"https:\/\/meltemaybar.com\/en\/wp-json\/wp\/v2\/product_tag?post=990848"}],"curies":[{"name":"wp","href":"https:\/\/api.w.org\/{rel}","templated":true}]}}