{"id":990901,"date":"2025-04-07T07:15:48","date_gmt":"2025-04-07T04:15:48","guid":{"rendered":"https:\/\/meltemaybar.com\/?post_type=product&#038;p=990901"},"modified":"2026-02-22T12:15:59","modified_gmt":"2026-02-22T09:15:59","slug":"look29","status":"publish","type":"product","link":"https:\/\/meltemaybar.com\/en\/urun\/look29\/","title":{"rendered":"Look29"},"content":{"rendered":"<p>Bustiyer yaka ve derin bacak dekoltesi frans\u0131z lez danteli ile tasarlanan bu gece elbisesi siz stil sahibi kad\u0131nlar\u0131n be\u011fenisine sunuluyor.<\/p>\n<p>Model 1.80 beden s elbise astarl\u0131d\u0131r. Bacak dekoltesi not k\u0131sm\u0131nda belirtilen \u00f6l\u00e7\u00fcye g\u00f6re ayarlanabilir.<\/p>\n","protected":false},"excerpt":{"rendered":"<p>Bustiyer yaka ve derin bacak dekoltesi frans\u0131z lez danteli ile tasarlanan bu gece elbisesi siz stil sahibi kad\u0131nlar\u0131n be\u011fenisine sunuluyor. Model 1.80 beden s elbise astarl\u0131d\u0131r. Bacak dekoltesi not k\u0131sm\u0131nda belirtilen \u00f6l\u00e7\u00fcye g\u00f6re ayarlanabilir.<\/p>\n","protected":false},"featured_media":990899,"comment_status":"open","ping_status":"closed","template":"","meta":[],"product_brand":[],"product_cat":[224,262],"product_tag":[],"class_list":{"0":"post-990901","1":"product","2":"type-product","3":"status-publish","4":"has-post-thumbnail","6":"product_cat-etoile","7":"product_cat-sezon-sonu-indirimi","9":"first","10":"instock","11":"sale","12":"shipping-taxable","13":"purchasable","14":"product-type-variable"},"jetpack_sharing_enabled":true,"_links":{"self":[{"href":"https:\/\/meltemaybar.com\/en\/wp-json\/wp\/v2\/product\/990901","targetHints":{"allow":["GET"]}}],"collection":[{"href":"https:\/\/meltemaybar.com\/en\/wp-json\/wp\/v2\/product"}],"about":[{"href":"https:\/\/meltemaybar.com\/en\/wp-json\/wp\/v2\/types\/product"}],"replies":[{"embeddable":true,"href":"https:\/\/meltemaybar.com\/en\/wp-json\/wp\/v2\/comments?post=990901"}],"wp:featuredmedia":[{"embeddable":true,"href":"https:\/\/meltemaybar.com\/en\/wp-json\/wp\/v2\/media\/990899"}],"wp:attachment":[{"href":"https:\/\/meltemaybar.com\/en\/wp-json\/wp\/v2\/media?parent=990901"}],"wp:term":[{"taxonomy":"product_brand","embeddable":true,"href":"https:\/\/meltemaybar.com\/en\/wp-json\/wp\/v2\/product_brand?post=990901"},{"taxonomy":"product_cat","embeddable":true,"href":"https:\/\/meltemaybar.com\/en\/wp-json\/wp\/v2\/product_cat?post=990901"},{"taxonomy":"product_tag","embeddable":true,"href":"https:\/\/meltemaybar.com\/en\/wp-json\/wp\/v2\/product_tag?post=990901"}],"curies":[{"name":"wp","href":"https:\/\/api.w.org\/{rel}","templated":true}]}}