{"id":990957,"date":"2025-04-07T07:30:52","date_gmt":"2025-04-07T04:30:52","guid":{"rendered":"https:\/\/meltemaybar.com\/urun\/look33-2\/"},"modified":"2025-05-19T15:48:58","modified_gmt":"2025-05-19T12:48:58","slug":"look33-2","status":"publish","type":"product","link":"https:\/\/meltemaybar.com\/en\/urun\/look33-2\/","title":{"rendered":"Look34"},"content":{"rendered":"<p>Bal\u0131k etek modeli gelinlik. Dantel detay\u0131 ile iddial\u0131 bir stil sunuyor<\/p>\n","protected":false},"excerpt":{"rendered":"<p>Bal\u0131k etek modeli gelinlik. Dantel detay\u0131 ile iddial\u0131 bir stil sunuyor<\/p>\n","protected":false},"featured_media":990956,"comment_status":"open","ping_status":"closed","template":"","meta":[],"product_brand":[],"product_cat":[224],"product_tag":[235,231,234],"class_list":{"0":"post-990957","1":"product","2":"type-product","3":"status-publish","4":"has-post-thumbnail","6":"product_cat-etoile","7":"product_tag-brideparty","8":"product_tag-dugun","9":"product_tag-hautecouture","11":"first","12":"instock","13":"sale","14":"shipping-taxable","15":"purchasable","16":"product-type-variable"},"jetpack_sharing_enabled":true,"_links":{"self":[{"href":"https:\/\/meltemaybar.com\/en\/wp-json\/wp\/v2\/product\/990957","targetHints":{"allow":["GET"]}}],"collection":[{"href":"https:\/\/meltemaybar.com\/en\/wp-json\/wp\/v2\/product"}],"about":[{"href":"https:\/\/meltemaybar.com\/en\/wp-json\/wp\/v2\/types\/product"}],"replies":[{"embeddable":true,"href":"https:\/\/meltemaybar.com\/en\/wp-json\/wp\/v2\/comments?post=990957"}],"wp:featuredmedia":[{"embeddable":true,"href":"https:\/\/meltemaybar.com\/en\/wp-json\/wp\/v2\/media\/990956"}],"wp:attachment":[{"href":"https:\/\/meltemaybar.com\/en\/wp-json\/wp\/v2\/media?parent=990957"}],"wp:term":[{"taxonomy":"product_brand","embeddable":true,"href":"https:\/\/meltemaybar.com\/en\/wp-json\/wp\/v2\/product_brand?post=990957"},{"taxonomy":"product_cat","embeddable":true,"href":"https:\/\/meltemaybar.com\/en\/wp-json\/wp\/v2\/product_cat?post=990957"},{"taxonomy":"product_tag","embeddable":true,"href":"https:\/\/meltemaybar.com\/en\/wp-json\/wp\/v2\/product_tag?post=990957"}],"curies":[{"name":"wp","href":"https:\/\/api.w.org\/{rel}","templated":true}]}}