{"id":992990,"date":"2025-07-07T07:19:18","date_gmt":"2025-07-07T04:19:18","guid":{"rendered":"https:\/\/meltemaybar.com\/?post_type=product&#038;p=992990"},"modified":"2026-04-27T10:03:50","modified_gmt":"2026-04-27T07:03:50","slug":"look1","status":"publish","type":"product","link":"https:\/\/meltemaybar.com\/en\/urun\/look1\/","title":{"rendered":"Look1"},"content":{"rendered":"<p>\u0130nci detayl\u0131 el i\u015f\u00e7i\u015filikli mini elbise<\/p>\n","protected":false},"excerpt":{"rendered":"<p>\u0130nci detayl\u0131 el i\u015f\u00e7i\u015filikli mini elbise<\/p>\n","protected":false},"featured_media":992982,"comment_status":"open","ping_status":"closed","template":"","meta":[],"product_brand":[],"product_cat":[224,263,262],"product_tag":[],"class_list":{"0":"post-992990","1":"product","2":"type-product","3":"status-publish","4":"has-post-thumbnail","6":"product_cat-etoile","7":"product_cat-favori-urunler","8":"product_cat-sezon-sonu-indirimi","10":"first","11":"instock","12":"sale","13":"shipping-taxable","14":"purchasable","15":"product-type-variable"},"jetpack_sharing_enabled":true,"_links":{"self":[{"href":"https:\/\/meltemaybar.com\/en\/wp-json\/wp\/v2\/product\/992990","targetHints":{"allow":["GET"]}}],"collection":[{"href":"https:\/\/meltemaybar.com\/en\/wp-json\/wp\/v2\/product"}],"about":[{"href":"https:\/\/meltemaybar.com\/en\/wp-json\/wp\/v2\/types\/product"}],"replies":[{"embeddable":true,"href":"https:\/\/meltemaybar.com\/en\/wp-json\/wp\/v2\/comments?post=992990"}],"wp:featuredmedia":[{"embeddable":true,"href":"https:\/\/meltemaybar.com\/en\/wp-json\/wp\/v2\/media\/992982"}],"wp:attachment":[{"href":"https:\/\/meltemaybar.com\/en\/wp-json\/wp\/v2\/media?parent=992990"}],"wp:term":[{"taxonomy":"product_brand","embeddable":true,"href":"https:\/\/meltemaybar.com\/en\/wp-json\/wp\/v2\/product_brand?post=992990"},{"taxonomy":"product_cat","embeddable":true,"href":"https:\/\/meltemaybar.com\/en\/wp-json\/wp\/v2\/product_cat?post=992990"},{"taxonomy":"product_tag","embeddable":true,"href":"https:\/\/meltemaybar.com\/en\/wp-json\/wp\/v2\/product_tag?post=992990"}],"curies":[{"name":"wp","href":"https:\/\/api.w.org\/{rel}","templated":true}]}}