{"id":993067,"date":"2025-09-28T23:08:59","date_gmt":"2025-09-28T20:08:59","guid":{"rendered":"https:\/\/meltemaybar.com\/?post_type=product&#038;p=993067"},"modified":"2026-03-04T13:48:27","modified_gmt":"2026-03-04T10:48:27","slug":"gemma-mini-dress","status":"publish","type":"product","link":"https:\/\/meltemaybar.com\/en\/urun\/gemma-mini-dress\/","title":{"rendered":"Gemma Mini Dress"},"content":{"rendered":"<p><span style=\"font-family: Montserrat, sans-serif;font-size: 16px;font-style: normal;font-weight: 400;letter-spacing: normal;text-align: start;text-indent: 0px;text-transform: none;text-decoration: none;float: none\">Beyaz \u00fcst\u00fcne silver simli ve silver boncuklu danteli, bustiyer dekoltesi ve zarif kol detay\u0131 ile dikkat \u00e7eken Gemma, siz<\/span><span style=\"font-family: Montserrat, sans-serif;font-size: 16px;font-style: normal;font-weight: 400;letter-spacing: normal;text-align: start;text-indent: 0px;text-transform: none;text-decoration: none;float: none\"><span class=\"Apple-converted-space\">&nbsp;<\/span><\/span><strong style=\"font-weight: bolder;font-family: Montserrat, sans-serif;font-size: 16px;font-style: normal;letter-spacing: normal;text-align: start;text-indent: 0px;text-transform: none;text-decoration: none\">stil sahibi kad\u0131nlar\u0131n be\u011fenisine sunuluyor.<\/strong><span style=\"font-family: Montserrat, sans-serif;font-size: 16px;font-style: normal;font-weight: 400;letter-spacing: normal;text-align: start;text-indent: 0px;text-transform: none;text-decoration: none;float: none\"><span class=\"Apple-converted-space\">&nbsp;<\/span><\/span><span style=\"font-family: Montserrat, sans-serif;font-size: 16px;font-style: normal;font-weight: 400;letter-spacing: normal;text-align: start;text-indent: 0px;text-transform: none;text-decoration: none;float: none\">\u00c7arp\u0131c\u0131 bir duru\u015f yans\u0131tan mini boy tasar\u0131m gece elbisesi,&nbsp; bacak dekoltesi ve dantel \u00fczerinde her biri el i\u015f\u00e7ili\u011fi olan boncuk detay\u0131 ile iddial\u0131 bir stil sunuyor. \u00d6zel davet, balo ve d\u00fc\u011f\u00fcn stiliniz i\u00e7in ideal se\u00e7im olan bu elbise, ayakkab\u0131lar ve \u00e7antalar ile \u015f\u0131k bir g\u00f6r\u00fcn\u00fcm kazanman\u0131 sa\u011fl\u0131yor<\/span><\/p>\n<p><span style=\"font-family: Montserrat, sans-serif;font-size: 16px;font-style: normal;font-weight: 400;letter-spacing: normal;text-align: start;text-indent: 0px;text-transform: none;text-decoration: none;float: none\"><\/span><\/p>\n<p><span style=\"font-family: Montserrat, sans-serif;font-size: 16px;font-style: normal;font-weight: 400;letter-spacing: normal;text-align: start;text-indent: 0px;text-transform: none;text-decoration: none;float: none\">Etek boyu 45 cm <\/span><\/p>\n<p><span style=\"font-family: Montserrat, sans-serif;font-size: 16px;font-style: normal;font-weight: 400;letter-spacing: normal;text-align: start;text-indent: 0px;text-transform: none;text-decoration: none;float: none\">Beden transparand\u0131r<\/span><\/p>\n<p><span style=\"font-family: Montserrat, sans-serif;font-size: 16px;font-style: normal;font-weight: 400;letter-spacing: normal;text-align: start;text-indent: 0px;text-transform: none;text-decoration: none;float: none\">Etek astarl\u0131d\u0131r<\/span><\/p>\n","protected":false},"excerpt":{"rendered":"<p>Beyaz \u00fcst\u00fcne silver simli ve silver boncuklu danteli, bustiyer dekoltesi ve zarif kol detay\u0131 ile dikkat \u00e7eken Gemma, siz&nbsp;stil sahibi kad\u0131nlar\u0131n be\u011fenisine sunuluyor.&nbsp;\u00c7arp\u0131c\u0131 bir duru\u015f yans\u0131tan mini boy tasar\u0131m gece elbisesi,&nbsp; bacak dekoltesi ve dantel \u00fczerinde her biri el i\u015f\u00e7ili\u011fi olan boncuk detay\u0131 ile iddial\u0131 bir stil sunuyor. \u00d6zel davet, balo ve d\u00fc\u011f\u00fcn stiliniz i\u00e7in [&hellip;]<\/p>\n","protected":false},"featured_media":993110,"comment_status":"open","ping_status":"closed","template":"","meta":[],"product_brand":[],"product_cat":[260],"product_tag":[],"class_list":{"0":"post-993067","1":"product","2":"type-product","3":"status-publish","4":"has-post-thumbnail","6":"product_cat-pre-collection-2025-26","8":"first","9":"instock","10":"shipping-taxable","11":"purchasable","12":"product-type-variable"},"jetpack_sharing_enabled":true,"_links":{"self":[{"href":"https:\/\/meltemaybar.com\/en\/wp-json\/wp\/v2\/product\/993067","targetHints":{"allow":["GET"]}}],"collection":[{"href":"https:\/\/meltemaybar.com\/en\/wp-json\/wp\/v2\/product"}],"about":[{"href":"https:\/\/meltemaybar.com\/en\/wp-json\/wp\/v2\/types\/product"}],"replies":[{"embeddable":true,"href":"https:\/\/meltemaybar.com\/en\/wp-json\/wp\/v2\/comments?post=993067"}],"wp:featuredmedia":[{"embeddable":true,"href":"https:\/\/meltemaybar.com\/en\/wp-json\/wp\/v2\/media\/993110"}],"wp:attachment":[{"href":"https:\/\/meltemaybar.com\/en\/wp-json\/wp\/v2\/media?parent=993067"}],"wp:term":[{"taxonomy":"product_brand","embeddable":true,"href":"https:\/\/meltemaybar.com\/en\/wp-json\/wp\/v2\/product_brand?post=993067"},{"taxonomy":"product_cat","embeddable":true,"href":"https:\/\/meltemaybar.com\/en\/wp-json\/wp\/v2\/product_cat?post=993067"},{"taxonomy":"product_tag","embeddable":true,"href":"https:\/\/meltemaybar.com\/en\/wp-json\/wp\/v2\/product_tag?post=993067"}],"curies":[{"name":"wp","href":"https:\/\/api.w.org\/{rel}","templated":true}]}}