{"id":993828,"date":"2026-03-25T16:03:50","date_gmt":"2026-03-25T13:03:50","guid":{"rendered":"https:\/\/meltemaybar.com\/?post_type=product&#038;p=993828"},"modified":"2026-03-27T15:33:33","modified_gmt":"2026-03-27T12:33:33","slug":"look3","status":"publish","type":"product","link":"https:\/\/meltemaybar.com\/en\/urun\/look3\/","title":{"rendered":"LOOK3"},"content":{"rendered":"<p>b\u00fcstiyer yaka mini, k\u00fc\u00e7\u00fck i\u015fleme detaylar\u0131 ile elbise gecenizde \u00f6zel g\u00f6r\u00fcnmenizi sa\u011fl\u0131yor.<\/p>\n","protected":false},"excerpt":{"rendered":"<p>b\u00fcstiyer yaka mini, k\u00fc\u00e7\u00fck i\u015fleme detaylar\u0131 ile elbise gecenizde \u00f6zel g\u00f6r\u00fcnmenizi sa\u011fl\u0131yor.<\/p>\n","protected":false},"featured_media":993565,"comment_status":"open","ping_status":"closed","template":"","meta":[],"product_brand":[],"product_cat":[264],"product_tag":[],"class_list":{"0":"post-993828","1":"product","2":"type-product","3":"status-publish","4":"has-post-thumbnail","6":"product_cat-femme-ss26","8":"first","9":"instock","10":"shipping-taxable","11":"purchasable","12":"product-type-simple"},"jetpack_sharing_enabled":true,"_links":{"self":[{"href":"https:\/\/meltemaybar.com\/en\/wp-json\/wp\/v2\/product\/993828","targetHints":{"allow":["GET"]}}],"collection":[{"href":"https:\/\/meltemaybar.com\/en\/wp-json\/wp\/v2\/product"}],"about":[{"href":"https:\/\/meltemaybar.com\/en\/wp-json\/wp\/v2\/types\/product"}],"replies":[{"embeddable":true,"href":"https:\/\/meltemaybar.com\/en\/wp-json\/wp\/v2\/comments?post=993828"}],"wp:featuredmedia":[{"embeddable":true,"href":"https:\/\/meltemaybar.com\/en\/wp-json\/wp\/v2\/media\/993565"}],"wp:attachment":[{"href":"https:\/\/meltemaybar.com\/en\/wp-json\/wp\/v2\/media?parent=993828"}],"wp:term":[{"taxonomy":"product_brand","embeddable":true,"href":"https:\/\/meltemaybar.com\/en\/wp-json\/wp\/v2\/product_brand?post=993828"},{"taxonomy":"product_cat","embeddable":true,"href":"https:\/\/meltemaybar.com\/en\/wp-json\/wp\/v2\/product_cat?post=993828"},{"taxonomy":"product_tag","embeddable":true,"href":"https:\/\/meltemaybar.com\/en\/wp-json\/wp\/v2\/product_tag?post=993828"}],"curies":[{"name":"wp","href":"https:\/\/api.w.org\/{rel}","templated":true}]}}