{"id":993829,"date":"2026-03-25T16:06:50","date_gmt":"2026-03-25T13:06:50","guid":{"rendered":"https:\/\/meltemaybar.com\/?post_type=product&#038;p=993829"},"modified":"2026-03-27T15:37:37","modified_gmt":"2026-03-27T12:37:37","slug":"look4-2","status":"publish","type":"product","link":"https:\/\/meltemaybar.com\/en\/urun\/look4-2\/","title":{"rendered":"LOOK4"},"content":{"rendered":"<p>B\u00fcstiyer yaka, ikili tak\u0131m mini \u00fczerinde sarkancalar\u0131 olan bu \u015f\u0131k tasar\u0131m elbisemiz davet,balo ve \u00f6zel g\u00fcnlerinizde iddial\u0131 g\u00f6r\u00fcnmenizi sa\u011flar.<\/p>\n","protected":false},"excerpt":{"rendered":"<p>B\u00fcstiyer yaka, ikili tak\u0131m mini \u00fczerinde sarkancalar\u0131 olan bu \u015f\u0131k tasar\u0131m elbisemiz davet,balo ve \u00f6zel g\u00fcnlerinizde iddial\u0131 g\u00f6r\u00fcnmenizi sa\u011flar.<\/p>\n","protected":false},"featured_media":993575,"comment_status":"open","ping_status":"closed","template":"","meta":[],"product_brand":[],"product_cat":[264],"product_tag":[],"class_list":{"0":"post-993829","1":"product","2":"type-product","3":"status-publish","4":"has-post-thumbnail","6":"product_cat-femme-ss26","8":"first","9":"instock","10":"shipping-taxable","11":"purchasable","12":"product-type-simple"},"jetpack_sharing_enabled":true,"_links":{"self":[{"href":"https:\/\/meltemaybar.com\/en\/wp-json\/wp\/v2\/product\/993829","targetHints":{"allow":["GET"]}}],"collection":[{"href":"https:\/\/meltemaybar.com\/en\/wp-json\/wp\/v2\/product"}],"about":[{"href":"https:\/\/meltemaybar.com\/en\/wp-json\/wp\/v2\/types\/product"}],"replies":[{"embeddable":true,"href":"https:\/\/meltemaybar.com\/en\/wp-json\/wp\/v2\/comments?post=993829"}],"wp:featuredmedia":[{"embeddable":true,"href":"https:\/\/meltemaybar.com\/en\/wp-json\/wp\/v2\/media\/993575"}],"wp:attachment":[{"href":"https:\/\/meltemaybar.com\/en\/wp-json\/wp\/v2\/media?parent=993829"}],"wp:term":[{"taxonomy":"product_brand","embeddable":true,"href":"https:\/\/meltemaybar.com\/en\/wp-json\/wp\/v2\/product_brand?post=993829"},{"taxonomy":"product_cat","embeddable":true,"href":"https:\/\/meltemaybar.com\/en\/wp-json\/wp\/v2\/product_cat?post=993829"},{"taxonomy":"product_tag","embeddable":true,"href":"https:\/\/meltemaybar.com\/en\/wp-json\/wp\/v2\/product_tag?post=993829"}],"curies":[{"name":"wp","href":"https:\/\/api.w.org\/{rel}","templated":true}]}}