{"id":993836,"date":"2026-03-25T16:17:02","date_gmt":"2026-03-25T13:17:02","guid":{"rendered":"https:\/\/meltemaybar.com\/?post_type=product&#038;p=993836"},"modified":"2026-03-27T16:05:32","modified_gmt":"2026-03-27T13:05:32","slug":"look12","status":"publish","type":"product","link":"https:\/\/meltemaybar.com\/en\/urun\/look12\/","title":{"rendered":"LOOK12"},"content":{"rendered":"<p>Stefani yaka, derin dekolte ve s\u0131rt dekoltesi olan i\u015flemeli elbisemiz ile \u0131\u015f\u0131\u011f\u0131n\u0131z\u0131 parlatabilirsiniz. <\/p>\n","protected":false},"excerpt":{"rendered":"<p>Stefani yaka, derin dekolte ve s\u0131rt dekoltesi olan i\u015flemeli elbisemiz ile \u0131\u015f\u0131\u011f\u0131n\u0131z\u0131 parlatabilirsiniz.<\/p>\n","protected":false},"featured_media":993425,"comment_status":"open","ping_status":"closed","template":"","meta":[],"product_brand":[],"product_cat":[264],"product_tag":[],"class_list":{"0":"post-993836","1":"product","2":"type-product","3":"status-publish","4":"has-post-thumbnail","6":"product_cat-femme-ss26","8":"first","9":"instock","10":"shipping-taxable","11":"purchasable","12":"product-type-simple"},"jetpack_sharing_enabled":true,"_links":{"self":[{"href":"https:\/\/meltemaybar.com\/en\/wp-json\/wp\/v2\/product\/993836","targetHints":{"allow":["GET"]}}],"collection":[{"href":"https:\/\/meltemaybar.com\/en\/wp-json\/wp\/v2\/product"}],"about":[{"href":"https:\/\/meltemaybar.com\/en\/wp-json\/wp\/v2\/types\/product"}],"replies":[{"embeddable":true,"href":"https:\/\/meltemaybar.com\/en\/wp-json\/wp\/v2\/comments?post=993836"}],"wp:featuredmedia":[{"embeddable":true,"href":"https:\/\/meltemaybar.com\/en\/wp-json\/wp\/v2\/media\/993425"}],"wp:attachment":[{"href":"https:\/\/meltemaybar.com\/en\/wp-json\/wp\/v2\/media?parent=993836"}],"wp:term":[{"taxonomy":"product_brand","embeddable":true,"href":"https:\/\/meltemaybar.com\/en\/wp-json\/wp\/v2\/product_brand?post=993836"},{"taxonomy":"product_cat","embeddable":true,"href":"https:\/\/meltemaybar.com\/en\/wp-json\/wp\/v2\/product_cat?post=993836"},{"taxonomy":"product_tag","embeddable":true,"href":"https:\/\/meltemaybar.com\/en\/wp-json\/wp\/v2\/product_tag?post=993836"}],"curies":[{"name":"wp","href":"https:\/\/api.w.org\/{rel}","templated":true}]}}