{"id":993838,"date":"2026-03-25T16:26:47","date_gmt":"2026-03-25T13:26:47","guid":{"rendered":"https:\/\/meltemaybar.com\/?post_type=product&#038;p=993838"},"modified":"2026-03-27T16:13:50","modified_gmt":"2026-03-27T13:13:50","slug":"look14","status":"publish","type":"product","link":"https:\/\/meltemaybar.com\/en\/urun\/look14\/","title":{"rendered":"LOOK14"},"content":{"rendered":"<p>\u00d6n\u00fc k\u0131sa arkas\u0131 uzun duru\u015fu ile \u00f6n plana \u00e7\u0131kan, strablez yaka,\u00fc\u00e7 boyutlu \u00e7i\u00e7ek detaylar\u0131 ile tasarlanan elbisenin i\u00e7erisinde prenses gibi hissederek g\u00fcn\u00fcn \u0131\u015f\u0131\u011f\u0131n\u0131 yakalayabilirsiniz. <\/p>\n","protected":false},"excerpt":{"rendered":"<p>\u00d6n\u00fc k\u0131sa arkas\u0131 uzun duru\u015fu ile \u00f6n plana \u00e7\u0131kan, strablez yaka,\u00fc\u00e7 boyutlu \u00e7i\u00e7ek detaylar\u0131 ile tasarlanan elbisenin i\u00e7erisinde prenses gibi hissederek g\u00fcn\u00fcn \u0131\u015f\u0131\u011f\u0131n\u0131 yakalayabilirsiniz.<\/p>\n","protected":false},"featured_media":993491,"comment_status":"open","ping_status":"closed","template":"","meta":[],"product_brand":[],"product_cat":[264],"product_tag":[],"class_list":{"0":"post-993838","1":"product","2":"type-product","3":"status-publish","4":"has-post-thumbnail","6":"product_cat-femme-ss26","8":"first","9":"instock","10":"shipping-taxable","11":"purchasable","12":"product-type-simple"},"jetpack_sharing_enabled":true,"_links":{"self":[{"href":"https:\/\/meltemaybar.com\/en\/wp-json\/wp\/v2\/product\/993838","targetHints":{"allow":["GET"]}}],"collection":[{"href":"https:\/\/meltemaybar.com\/en\/wp-json\/wp\/v2\/product"}],"about":[{"href":"https:\/\/meltemaybar.com\/en\/wp-json\/wp\/v2\/types\/product"}],"replies":[{"embeddable":true,"href":"https:\/\/meltemaybar.com\/en\/wp-json\/wp\/v2\/comments?post=993838"}],"wp:featuredmedia":[{"embeddable":true,"href":"https:\/\/meltemaybar.com\/en\/wp-json\/wp\/v2\/media\/993491"}],"wp:attachment":[{"href":"https:\/\/meltemaybar.com\/en\/wp-json\/wp\/v2\/media?parent=993838"}],"wp:term":[{"taxonomy":"product_brand","embeddable":true,"href":"https:\/\/meltemaybar.com\/en\/wp-json\/wp\/v2\/product_brand?post=993838"},{"taxonomy":"product_cat","embeddable":true,"href":"https:\/\/meltemaybar.com\/en\/wp-json\/wp\/v2\/product_cat?post=993838"},{"taxonomy":"product_tag","embeddable":true,"href":"https:\/\/meltemaybar.com\/en\/wp-json\/wp\/v2\/product_tag?post=993838"}],"curies":[{"name":"wp","href":"https:\/\/api.w.org\/{rel}","templated":true}]}}