{"id":993839,"date":"2026-03-25T16:28:00","date_gmt":"2026-03-25T13:28:00","guid":{"rendered":"https:\/\/meltemaybar.com\/?post_type=product&#038;p=993839"},"modified":"2026-03-27T16:16:10","modified_gmt":"2026-03-27T13:16:10","slug":"look15-2","status":"publish","type":"product","link":"https:\/\/meltemaybar.com\/en\/urun\/look15-2\/","title":{"rendered":"LOOK15"},"content":{"rendered":"<p>derin bacak dekoltesi frans\u0131z lez danteli ile tasarlanan t\u00fcy detaylar\u0131 ile s\u00fcslenmi\u015f bu gece elbisesi siz stil sahibi kad\u0131nlar\u0131n be\u011fenisine sunuluyor.  Bacak dekoltesi not k\u0131sm\u0131nda belirtilen \u00f6l\u00e7\u00fcye g\u00f6re ayarlanabilir.<\/p>\n","protected":false},"excerpt":{"rendered":"<p>derin bacak dekoltesi frans\u0131z lez danteli ile tasarlanan t\u00fcy detaylar\u0131 ile s\u00fcslenmi\u015f bu gece elbisesi siz stil sahibi kad\u0131nlar\u0131n be\u011fenisine sunuluyor. Bacak dekoltesi not k\u0131sm\u0131nda belirtilen \u00f6l\u00e7\u00fcye g\u00f6re ayarlanabilir.<\/p>\n","protected":false},"featured_media":993621,"comment_status":"open","ping_status":"closed","template":"","meta":[],"product_brand":[],"product_cat":[264],"product_tag":[],"class_list":{"0":"post-993839","1":"product","2":"type-product","3":"status-publish","4":"has-post-thumbnail","6":"product_cat-femme-ss26","8":"first","9":"instock","10":"shipping-taxable","11":"purchasable","12":"product-type-simple"},"jetpack_sharing_enabled":true,"_links":{"self":[{"href":"https:\/\/meltemaybar.com\/en\/wp-json\/wp\/v2\/product\/993839","targetHints":{"allow":["GET"]}}],"collection":[{"href":"https:\/\/meltemaybar.com\/en\/wp-json\/wp\/v2\/product"}],"about":[{"href":"https:\/\/meltemaybar.com\/en\/wp-json\/wp\/v2\/types\/product"}],"replies":[{"embeddable":true,"href":"https:\/\/meltemaybar.com\/en\/wp-json\/wp\/v2\/comments?post=993839"}],"wp:featuredmedia":[{"embeddable":true,"href":"https:\/\/meltemaybar.com\/en\/wp-json\/wp\/v2\/media\/993621"}],"wp:attachment":[{"href":"https:\/\/meltemaybar.com\/en\/wp-json\/wp\/v2\/media?parent=993839"}],"wp:term":[{"taxonomy":"product_brand","embeddable":true,"href":"https:\/\/meltemaybar.com\/en\/wp-json\/wp\/v2\/product_brand?post=993839"},{"taxonomy":"product_cat","embeddable":true,"href":"https:\/\/meltemaybar.com\/en\/wp-json\/wp\/v2\/product_cat?post=993839"},{"taxonomy":"product_tag","embeddable":true,"href":"https:\/\/meltemaybar.com\/en\/wp-json\/wp\/v2\/product_tag?post=993839"}],"curies":[{"name":"wp","href":"https:\/\/api.w.org\/{rel}","templated":true}]}}