{"id":993840,"date":"2026-03-25T16:29:34","date_gmt":"2026-03-25T13:29:34","guid":{"rendered":"https:\/\/meltemaybar.com\/?post_type=product&#038;p=993840"},"modified":"2026-03-27T16:19:13","modified_gmt":"2026-03-27T13:19:13","slug":"look16-2","status":"publish","type":"product","link":"https:\/\/meltemaybar.com\/en\/urun\/look16-2\/","title":{"rendered":"LOOK16"},"content":{"rendered":"<p>saten kuma\u015f,derin g\u00f6\u011f\u00fcs ve bacak dekoltesi olan iddial\u0131 ebisemiz \u00f6zel davet, balo ve d\u00fc\u011f\u00fcn stiliniz i\u00e7in ideal bir se\u00e7imdir<\/p>\n","protected":false},"excerpt":{"rendered":"<p>saten kuma\u015f,derin g\u00f6\u011f\u00fcs ve bacak dekoltesi olan iddial\u0131 ebisemiz \u00f6zel davet, balo ve d\u00fc\u011f\u00fcn stiliniz i\u00e7in ideal bir se\u00e7imdir<\/p>\n","protected":false},"featured_media":993331,"comment_status":"open","ping_status":"closed","template":"","meta":[],"product_brand":[],"product_cat":[264],"product_tag":[],"class_list":{"0":"post-993840","1":"product","2":"type-product","3":"status-publish","4":"has-post-thumbnail","6":"product_cat-femme-ss26","8":"first","9":"instock","10":"shipping-taxable","11":"purchasable","12":"product-type-simple"},"jetpack_sharing_enabled":true,"_links":{"self":[{"href":"https:\/\/meltemaybar.com\/en\/wp-json\/wp\/v2\/product\/993840","targetHints":{"allow":["GET"]}}],"collection":[{"href":"https:\/\/meltemaybar.com\/en\/wp-json\/wp\/v2\/product"}],"about":[{"href":"https:\/\/meltemaybar.com\/en\/wp-json\/wp\/v2\/types\/product"}],"replies":[{"embeddable":true,"href":"https:\/\/meltemaybar.com\/en\/wp-json\/wp\/v2\/comments?post=993840"}],"wp:featuredmedia":[{"embeddable":true,"href":"https:\/\/meltemaybar.com\/en\/wp-json\/wp\/v2\/media\/993331"}],"wp:attachment":[{"href":"https:\/\/meltemaybar.com\/en\/wp-json\/wp\/v2\/media?parent=993840"}],"wp:term":[{"taxonomy":"product_brand","embeddable":true,"href":"https:\/\/meltemaybar.com\/en\/wp-json\/wp\/v2\/product_brand?post=993840"},{"taxonomy":"product_cat","embeddable":true,"href":"https:\/\/meltemaybar.com\/en\/wp-json\/wp\/v2\/product_cat?post=993840"},{"taxonomy":"product_tag","embeddable":true,"href":"https:\/\/meltemaybar.com\/en\/wp-json\/wp\/v2\/product_tag?post=993840"}],"curies":[{"name":"wp","href":"https:\/\/api.w.org\/{rel}","templated":true}]}}