{"id":993842,"date":"2026-03-25T16:32:35","date_gmt":"2026-03-25T13:32:35","guid":{"rendered":"https:\/\/meltemaybar.com\/?post_type=product&#038;p=993842"},"modified":"2026-03-27T16:28:08","modified_gmt":"2026-03-27T13:28:08","slug":"look18-2","status":"publish","type":"product","link":"https:\/\/meltemaybar.com\/en\/urun\/look18-2\/","title":{"rendered":"LOOK18"},"content":{"rendered":"<p>saten kuma\u015f,bustiyer yaka dekoltesi ve zarif belindeki ve yaka detaylar\u0131ndaki \u0131\u015f\u0131lt\u0131l\u0131 ta\u015flar ile \u00e7arp\u0131c\u0131 bir duru\u015f sergileyen elbise.<\/p>\n","protected":false},"excerpt":{"rendered":"<p>saten kuma\u015f,bustiyer yaka dekoltesi ve zarif belindeki ve yaka detaylar\u0131ndaki \u0131\u015f\u0131lt\u0131l\u0131 ta\u015flar ile \u00e7arp\u0131c\u0131 bir duru\u015f sergileyen elbise.<\/p>\n","protected":false},"featured_media":993511,"comment_status":"open","ping_status":"closed","template":"","meta":[],"product_brand":[],"product_cat":[264],"product_tag":[],"class_list":{"0":"post-993842","1":"product","2":"type-product","3":"status-publish","4":"has-post-thumbnail","6":"product_cat-femme-ss26","8":"first","9":"instock","10":"shipping-taxable","11":"purchasable","12":"product-type-simple"},"jetpack_sharing_enabled":true,"_links":{"self":[{"href":"https:\/\/meltemaybar.com\/en\/wp-json\/wp\/v2\/product\/993842","targetHints":{"allow":["GET"]}}],"collection":[{"href":"https:\/\/meltemaybar.com\/en\/wp-json\/wp\/v2\/product"}],"about":[{"href":"https:\/\/meltemaybar.com\/en\/wp-json\/wp\/v2\/types\/product"}],"replies":[{"embeddable":true,"href":"https:\/\/meltemaybar.com\/en\/wp-json\/wp\/v2\/comments?post=993842"}],"wp:featuredmedia":[{"embeddable":true,"href":"https:\/\/meltemaybar.com\/en\/wp-json\/wp\/v2\/media\/993511"}],"wp:attachment":[{"href":"https:\/\/meltemaybar.com\/en\/wp-json\/wp\/v2\/media?parent=993842"}],"wp:term":[{"taxonomy":"product_brand","embeddable":true,"href":"https:\/\/meltemaybar.com\/en\/wp-json\/wp\/v2\/product_brand?post=993842"},{"taxonomy":"product_cat","embeddable":true,"href":"https:\/\/meltemaybar.com\/en\/wp-json\/wp\/v2\/product_cat?post=993842"},{"taxonomy":"product_tag","embeddable":true,"href":"https:\/\/meltemaybar.com\/en\/wp-json\/wp\/v2\/product_tag?post=993842"}],"curies":[{"name":"wp","href":"https:\/\/api.w.org\/{rel}","templated":true}]}}