{"id":993843,"date":"2026-03-25T16:33:38","date_gmt":"2026-03-25T13:33:38","guid":{"rendered":"https:\/\/meltemaybar.com\/?post_type=product&#038;p=993843"},"modified":"2026-03-27T16:31:04","modified_gmt":"2026-03-27T13:31:04","slug":"look19-2","status":"publish","type":"product","link":"https:\/\/meltemaybar.com\/en\/urun\/look19-2\/","title":{"rendered":"LOOK19"},"content":{"rendered":"<p>kesimi ile belinize tam oturan etek ve \u00fcst ikili tak\u0131m. Transparan kollar\u0131 ve etek ucunun transaparan detay ile devam etmesi sizi davetler de ve \u00f6zel g\u00fcnleriniz de \u015f\u0131k ve zarif g\u00f6sterecektir.<\/p>\n","protected":false},"excerpt":{"rendered":"<p>kesimi ile belinize tam oturan etek ve \u00fcst ikili tak\u0131m. Transparan kollar\u0131 ve etek ucunun transaparan detay ile devam etmesi sizi davetler de ve \u00f6zel g\u00fcnleriniz de \u015f\u0131k ve zarif g\u00f6sterecektir.<\/p>\n","protected":false},"featured_media":993657,"comment_status":"open","ping_status":"closed","template":"","meta":[],"product_brand":[],"product_cat":[264],"product_tag":[],"class_list":{"0":"post-993843","1":"product","2":"type-product","3":"status-publish","4":"has-post-thumbnail","6":"product_cat-femme-ss26","8":"first","9":"instock","10":"shipping-taxable","11":"purchasable","12":"product-type-simple"},"jetpack_sharing_enabled":true,"_links":{"self":[{"href":"https:\/\/meltemaybar.com\/en\/wp-json\/wp\/v2\/product\/993843","targetHints":{"allow":["GET"]}}],"collection":[{"href":"https:\/\/meltemaybar.com\/en\/wp-json\/wp\/v2\/product"}],"about":[{"href":"https:\/\/meltemaybar.com\/en\/wp-json\/wp\/v2\/types\/product"}],"replies":[{"embeddable":true,"href":"https:\/\/meltemaybar.com\/en\/wp-json\/wp\/v2\/comments?post=993843"}],"wp:featuredmedia":[{"embeddable":true,"href":"https:\/\/meltemaybar.com\/en\/wp-json\/wp\/v2\/media\/993657"}],"wp:attachment":[{"href":"https:\/\/meltemaybar.com\/en\/wp-json\/wp\/v2\/media?parent=993843"}],"wp:term":[{"taxonomy":"product_brand","embeddable":true,"href":"https:\/\/meltemaybar.com\/en\/wp-json\/wp\/v2\/product_brand?post=993843"},{"taxonomy":"product_cat","embeddable":true,"href":"https:\/\/meltemaybar.com\/en\/wp-json\/wp\/v2\/product_cat?post=993843"},{"taxonomy":"product_tag","embeddable":true,"href":"https:\/\/meltemaybar.com\/en\/wp-json\/wp\/v2\/product_tag?post=993843"}],"curies":[{"name":"wp","href":"https:\/\/api.w.org\/{rel}","templated":true}]}}