{"id":993844,"date":"2026-03-25T16:35:16","date_gmt":"2026-03-25T13:35:16","guid":{"rendered":"https:\/\/meltemaybar.com\/?post_type=product&#038;p=993844"},"modified":"2026-03-27T16:33:18","modified_gmt":"2026-03-27T13:33:18","slug":"look20-2","status":"publish","type":"product","link":"https:\/\/meltemaybar.com\/en\/urun\/look20-2\/","title":{"rendered":"LOOK20"},"content":{"rendered":"<p>B\u00fcstiyer yaka, pilise detaylar\u0131 ile s\u00fcslenmi\u015f \u00e7arp\u0131c\u0131 bir duru\u015f yans\u0131tan tam boy tasar\u0131m gece elbisesi,  <\/p>\n","protected":false},"excerpt":{"rendered":"<p>B\u00fcstiyer yaka, pilise detaylar\u0131 ile s\u00fcslenmi\u015f \u00e7arp\u0131c\u0131 bir duru\u015f yans\u0131tan tam boy tasar\u0131m gece elbisesi,<\/p>\n","protected":false},"featured_media":993609,"comment_status":"open","ping_status":"closed","template":"","meta":[],"product_brand":[],"product_cat":[264],"product_tag":[],"class_list":{"0":"post-993844","1":"product","2":"type-product","3":"status-publish","4":"has-post-thumbnail","6":"product_cat-femme-ss26","8":"first","9":"instock","10":"shipping-taxable","11":"purchasable","12":"product-type-simple"},"jetpack_sharing_enabled":true,"_links":{"self":[{"href":"https:\/\/meltemaybar.com\/en\/wp-json\/wp\/v2\/product\/993844","targetHints":{"allow":["GET"]}}],"collection":[{"href":"https:\/\/meltemaybar.com\/en\/wp-json\/wp\/v2\/product"}],"about":[{"href":"https:\/\/meltemaybar.com\/en\/wp-json\/wp\/v2\/types\/product"}],"replies":[{"embeddable":true,"href":"https:\/\/meltemaybar.com\/en\/wp-json\/wp\/v2\/comments?post=993844"}],"wp:featuredmedia":[{"embeddable":true,"href":"https:\/\/meltemaybar.com\/en\/wp-json\/wp\/v2\/media\/993609"}],"wp:attachment":[{"href":"https:\/\/meltemaybar.com\/en\/wp-json\/wp\/v2\/media?parent=993844"}],"wp:term":[{"taxonomy":"product_brand","embeddable":true,"href":"https:\/\/meltemaybar.com\/en\/wp-json\/wp\/v2\/product_brand?post=993844"},{"taxonomy":"product_cat","embeddable":true,"href":"https:\/\/meltemaybar.com\/en\/wp-json\/wp\/v2\/product_cat?post=993844"},{"taxonomy":"product_tag","embeddable":true,"href":"https:\/\/meltemaybar.com\/en\/wp-json\/wp\/v2\/product_tag?post=993844"}],"curies":[{"name":"wp","href":"https:\/\/api.w.org\/{rel}","templated":true}]}}