{"id":993845,"date":"2026-03-25T16:37:28","date_gmt":"2026-03-25T13:37:28","guid":{"rendered":"https:\/\/meltemaybar.com\/?post_type=product&#038;p=993845"},"modified":"2026-03-27T16:35:01","modified_gmt":"2026-03-27T13:35:01","slug":"look21-2","status":"publish","type":"product","link":"https:\/\/meltemaybar.com\/en\/urun\/look21-2\/","title":{"rendered":"LOOK21"},"content":{"rendered":"<p>incili, ta\u015fl\u0131 ve sarkancal\u0131 elbise siz stil sahibi kad\u0131nlar\u0131n be\u011fenisine sunuluyor. <\/p>\n","protected":false},"excerpt":{"rendered":"<p>incili, ta\u015fl\u0131 ve sarkancal\u0131 elbise siz stil sahibi kad\u0131nlar\u0131n be\u011fenisine sunuluyor.<\/p>\n","protected":false},"featured_media":993321,"comment_status":"open","ping_status":"closed","template":"","meta":[],"product_brand":[],"product_cat":[264],"product_tag":[],"class_list":{"0":"post-993845","1":"product","2":"type-product","3":"status-publish","4":"has-post-thumbnail","6":"product_cat-femme-ss26","8":"first","9":"instock","10":"shipping-taxable","11":"purchasable","12":"product-type-simple"},"jetpack_sharing_enabled":true,"_links":{"self":[{"href":"https:\/\/meltemaybar.com\/en\/wp-json\/wp\/v2\/product\/993845","targetHints":{"allow":["GET"]}}],"collection":[{"href":"https:\/\/meltemaybar.com\/en\/wp-json\/wp\/v2\/product"}],"about":[{"href":"https:\/\/meltemaybar.com\/en\/wp-json\/wp\/v2\/types\/product"}],"replies":[{"embeddable":true,"href":"https:\/\/meltemaybar.com\/en\/wp-json\/wp\/v2\/comments?post=993845"}],"wp:featuredmedia":[{"embeddable":true,"href":"https:\/\/meltemaybar.com\/en\/wp-json\/wp\/v2\/media\/993321"}],"wp:attachment":[{"href":"https:\/\/meltemaybar.com\/en\/wp-json\/wp\/v2\/media?parent=993845"}],"wp:term":[{"taxonomy":"product_brand","embeddable":true,"href":"https:\/\/meltemaybar.com\/en\/wp-json\/wp\/v2\/product_brand?post=993845"},{"taxonomy":"product_cat","embeddable":true,"href":"https:\/\/meltemaybar.com\/en\/wp-json\/wp\/v2\/product_cat?post=993845"},{"taxonomy":"product_tag","embeddable":true,"href":"https:\/\/meltemaybar.com\/en\/wp-json\/wp\/v2\/product_tag?post=993845"}],"curies":[{"name":"wp","href":"https:\/\/api.w.org\/{rel}","templated":true}]}}