{"id":993847,"date":"2026-03-25T16:42:19","date_gmt":"2026-03-25T13:42:19","guid":{"rendered":"https:\/\/meltemaybar.com\/?post_type=product&#038;p=993847"},"modified":"2026-03-27T16:38:53","modified_gmt":"2026-03-27T13:38:53","slug":"look23-2","status":"publish","type":"product","link":"https:\/\/meltemaybar.com\/en\/urun\/look23-2\/","title":{"rendered":"LOOK23"},"content":{"rendered":"<p>Sar\u0131 renk frans\u0131z lez danteli olan elbisemiz size hem \u015f\u0131k hem zarif bir g\u00f6r\u00fcn\u00fcm sa\u011flar.<\/p>\n","protected":false},"excerpt":{"rendered":"<p>Sar\u0131 renk frans\u0131z lez danteli olan elbisemiz size hem \u015f\u0131k hem zarif bir g\u00f6r\u00fcn\u00fcm sa\u011flar.<\/p>\n","protected":false},"featured_media":993647,"comment_status":"open","ping_status":"closed","template":"","meta":[],"product_brand":[],"product_cat":[264],"product_tag":[],"class_list":{"0":"post-993847","1":"product","2":"type-product","3":"status-publish","4":"has-post-thumbnail","6":"product_cat-femme-ss26","8":"first","9":"instock","10":"shipping-taxable","11":"purchasable","12":"product-type-simple"},"jetpack_sharing_enabled":true,"_links":{"self":[{"href":"https:\/\/meltemaybar.com\/en\/wp-json\/wp\/v2\/product\/993847","targetHints":{"allow":["GET"]}}],"collection":[{"href":"https:\/\/meltemaybar.com\/en\/wp-json\/wp\/v2\/product"}],"about":[{"href":"https:\/\/meltemaybar.com\/en\/wp-json\/wp\/v2\/types\/product"}],"replies":[{"embeddable":true,"href":"https:\/\/meltemaybar.com\/en\/wp-json\/wp\/v2\/comments?post=993847"}],"wp:featuredmedia":[{"embeddable":true,"href":"https:\/\/meltemaybar.com\/en\/wp-json\/wp\/v2\/media\/993647"}],"wp:attachment":[{"href":"https:\/\/meltemaybar.com\/en\/wp-json\/wp\/v2\/media?parent=993847"}],"wp:term":[{"taxonomy":"product_brand","embeddable":true,"href":"https:\/\/meltemaybar.com\/en\/wp-json\/wp\/v2\/product_brand?post=993847"},{"taxonomy":"product_cat","embeddable":true,"href":"https:\/\/meltemaybar.com\/en\/wp-json\/wp\/v2\/product_cat?post=993847"},{"taxonomy":"product_tag","embeddable":true,"href":"https:\/\/meltemaybar.com\/en\/wp-json\/wp\/v2\/product_tag?post=993847"}],"curies":[{"name":"wp","href":"https:\/\/api.w.org\/{rel}","templated":true}]}}