{"id":993850,"date":"2026-03-25T16:45:27","date_gmt":"2026-03-25T13:45:27","guid":{"rendered":"https:\/\/meltemaybar.com\/?post_type=product&#038;p=993850"},"modified":"2026-03-27T18:14:51","modified_gmt":"2026-03-27T15:14:51","slug":"look26-2","status":"publish","type":"product","link":"https:\/\/meltemaybar.com\/en\/urun\/look26-2\/","title":{"rendered":"LOOK26"},"content":{"rendered":"<p>Saten kuma\u015f ete\u011fi stefani yaka transparan beden \u00fczerine i\u015flenmi\u015f pullar ve boyundan inci sarka\u00e7l\u0131 elbisemiz ile \u00f6zel g\u00fcnlerinizde iddial\u0131 ve \u00e7arp\u0131c\u0131 bir g\u00f6r\u00fcn\u00fcm kazanabilirsiniz.<\/p>\n","protected":false},"excerpt":{"rendered":"<p>Saten kuma\u015f ete\u011fi stefani yaka transparan beden \u00fczerine i\u015flenmi\u015f pullar ve boyundan inci sarka\u00e7l\u0131 elbisemiz ile \u00f6zel g\u00fcnlerinizde iddial\u0131 ve \u00e7arp\u0131c\u0131 bir g\u00f6r\u00fcn\u00fcm kazanabilirsiniz.<\/p>\n","protected":false},"featured_media":993443,"comment_status":"open","ping_status":"closed","template":"","meta":[],"product_brand":[],"product_cat":[264],"product_tag":[],"class_list":{"0":"post-993850","1":"product","2":"type-product","3":"status-publish","4":"has-post-thumbnail","6":"product_cat-femme-ss26","8":"first","9":"instock","10":"shipping-taxable","11":"purchasable","12":"product-type-simple"},"jetpack_sharing_enabled":true,"_links":{"self":[{"href":"https:\/\/meltemaybar.com\/en\/wp-json\/wp\/v2\/product\/993850","targetHints":{"allow":["GET"]}}],"collection":[{"href":"https:\/\/meltemaybar.com\/en\/wp-json\/wp\/v2\/product"}],"about":[{"href":"https:\/\/meltemaybar.com\/en\/wp-json\/wp\/v2\/types\/product"}],"replies":[{"embeddable":true,"href":"https:\/\/meltemaybar.com\/en\/wp-json\/wp\/v2\/comments?post=993850"}],"wp:featuredmedia":[{"embeddable":true,"href":"https:\/\/meltemaybar.com\/en\/wp-json\/wp\/v2\/media\/993443"}],"wp:attachment":[{"href":"https:\/\/meltemaybar.com\/en\/wp-json\/wp\/v2\/media?parent=993850"}],"wp:term":[{"taxonomy":"product_brand","embeddable":true,"href":"https:\/\/meltemaybar.com\/en\/wp-json\/wp\/v2\/product_brand?post=993850"},{"taxonomy":"product_cat","embeddable":true,"href":"https:\/\/meltemaybar.com\/en\/wp-json\/wp\/v2\/product_cat?post=993850"},{"taxonomy":"product_tag","embeddable":true,"href":"https:\/\/meltemaybar.com\/en\/wp-json\/wp\/v2\/product_tag?post=993850"}],"curies":[{"name":"wp","href":"https:\/\/api.w.org\/{rel}","templated":true}]}}