{"id":993853,"date":"2026-03-25T16:49:54","date_gmt":"2026-03-25T13:49:54","guid":{"rendered":"https:\/\/meltemaybar.com\/?post_type=product&#038;p=993853"},"modified":"2026-03-27T18:21:23","modified_gmt":"2026-03-27T15:21:23","slug":"look29-2","status":"publish","type":"product","link":"https:\/\/meltemaybar.com\/en\/urun\/look29-2\/","title":{"rendered":"LOOK29"},"content":{"rendered":"<p>ince i\u015flenmi\u015f danteli, stefani yaka ve \u00f6zel s\u0131rt detayl\u0131 ile t\u00fcm dikkatleri \u00fczerine \u00e7eken sezonun y\u0131ld\u0131z par\u00e7as\u0131 elbisemiz sizi zarif ve iddial\u0131 bir g\u00f6r\u00fcn\u00fcm sa\u011flar.<\/p>\n","protected":false},"excerpt":{"rendered":"<p>ince i\u015flenmi\u015f danteli, stefani yaka ve \u00f6zel s\u0131rt detayl\u0131 ile t\u00fcm dikkatleri \u00fczerine \u00e7eken sezonun y\u0131ld\u0131z par\u00e7as\u0131 elbisemiz sizi zarif ve iddial\u0131 bir g\u00f6r\u00fcn\u00fcm sa\u011flar.<\/p>\n","protected":false},"featured_media":993665,"comment_status":"open","ping_status":"closed","template":"","meta":[],"product_brand":[],"product_cat":[264],"product_tag":[],"class_list":{"0":"post-993853","1":"product","2":"type-product","3":"status-publish","4":"has-post-thumbnail","6":"product_cat-femme-ss26","8":"first","9":"instock","10":"shipping-taxable","11":"purchasable","12":"product-type-simple"},"jetpack_sharing_enabled":true,"_links":{"self":[{"href":"https:\/\/meltemaybar.com\/en\/wp-json\/wp\/v2\/product\/993853","targetHints":{"allow":["GET"]}}],"collection":[{"href":"https:\/\/meltemaybar.com\/en\/wp-json\/wp\/v2\/product"}],"about":[{"href":"https:\/\/meltemaybar.com\/en\/wp-json\/wp\/v2\/types\/product"}],"replies":[{"embeddable":true,"href":"https:\/\/meltemaybar.com\/en\/wp-json\/wp\/v2\/comments?post=993853"}],"wp:featuredmedia":[{"embeddable":true,"href":"https:\/\/meltemaybar.com\/en\/wp-json\/wp\/v2\/media\/993665"}],"wp:attachment":[{"href":"https:\/\/meltemaybar.com\/en\/wp-json\/wp\/v2\/media?parent=993853"}],"wp:term":[{"taxonomy":"product_brand","embeddable":true,"href":"https:\/\/meltemaybar.com\/en\/wp-json\/wp\/v2\/product_brand?post=993853"},{"taxonomy":"product_cat","embeddable":true,"href":"https:\/\/meltemaybar.com\/en\/wp-json\/wp\/v2\/product_cat?post=993853"},{"taxonomy":"product_tag","embeddable":true,"href":"https:\/\/meltemaybar.com\/en\/wp-json\/wp\/v2\/product_tag?post=993853"}],"curies":[{"name":"wp","href":"https:\/\/api.w.org\/{rel}","templated":true}]}}